{"id":32369,"date":"2025-05-06T12:07:41","date_gmt":"2025-05-06T10:07:41","guid":{"rendered":"https:\/\/bosstal.lyk-website.pl\/?post_type=product&#038;p=32369"},"modified":"2025-09-12T10:26:11","modified_gmt":"2025-09-12T08:26:11","slug":"pawilon-grafit-3x2-obrobki-grafit","status":"publish","type":"product","link":"https:\/\/bosstal.lyk-website.pl\/?product=pawilon-grafit-3x2-obrobki-grafit","title":{"rendered":"Pawilon grafit 3&#215;2 obr\u00f3bki grafit"},"content":{"rendered":"<p>Pawilon mo\u017cna odebra\u0107 osobi\u015bcie.<br \/>\nPrzy dostawie naszym transportem, roz\u0142adunek jest w zakresie klienta.<br \/>\nTolerancja wymiaru pawilonu wynosi 2-5 cm<br \/>\nProsimy o zapewnienie dojazdu dla samochodu do miejsca, gdzie b\u0119dzie roz\u0142adowany pawilon.<\/p>\n<p>Dostawa : 3 z\u0142\/km w dwie strony transport bez roz\u0142adunku, 6 z\u0142\/km w dwie strony transport i roz\u0142adunek HDS<\/p>\n","protected":false},"excerpt":{"rendered":"<h3>INFORMACJE O PAWILONIE<\/h3>\n<div class=\"custom-table-container\" style=\"overflow-x: auto;\">\n<table>\n<tbody>\n<tr>\n<th>Parametry<\/th>\n<th>Opis<\/th>\n<\/tr>\n<tr>\n<td>Wymiar<\/td>\n<td>3,00m szeroki, 2,00m d\u0142ugi (wymiar zewn\u0119trzny)<\/td>\n<\/tr>\n<tr>\n<td>Rodzaj p\u0142yty<\/td>\n<td>120 mm grubo\u015bci, kolor grafit w 2 gatunku<\/td>\n<\/tr>\n<tr>\n<td>Okucia<\/td>\n<td>grafit<\/td>\n<\/tr>\n<tr>\n<td>Wysoko\u015b\u0107<\/td>\n<td>2,65m\/2,60m<\/td>\n<\/tr>\n<tr>\n<td>Drzwi<\/td>\n<td>90 cm szerokie, grafit<\/td>\n<\/tr>\n<tr>\n<td>Elektryka<\/td>\n<td>gniazdo i o\u015bwietlenie<\/td>\n<\/tr>\n<tr>\n<td>Dodatki<\/td>\n<td>okno, wentylacja grawitacyjna<\/td>\n<\/tr>\n<\/tbody>\n<\/table>\n<\/div>\n","protected":false},"featured_media":32373,"comment_status":"open","ping_status":"closed","template":"","meta":{"_acf_changed":false,"_monsterinsights_skip_tracking":false,"_monsterinsights_sitenote_active":false,"_monsterinsights_sitenote_note":"","_monsterinsights_sitenote_category":0},"product_brand":[],"product_cat":[319],"product_tag":[388,385,387,386],"class_list":{"0":"post-32369","1":"product","2":"type-product","3":"status-publish","4":"has-post-thumbnail","6":"product_cat-pawilony-z-plyty-warstwowej","7":"product_tag-kontener","8":"product_tag-pawilon","9":"product_tag-pir","10":"product_tag-strozowka-plytawarstwowa","12":"first","13":"instock","14":"shipping-taxable","15":"purchasable","16":"product-type-simple"},"acf":[],"yoast_head":"<!-- This site is optimized with the Yoast SEO plugin v26.1.1 - https:\/\/yoast.com\/wordpress\/plugins\/seo\/ -->\n<title>Pawilon grafit 3x2 obr\u00f3bki grafit - BOSSTAL - Gara\u017ce blaszane, bramy gara\u017cowe<\/title>\n<meta name=\"robots\" content=\"index, follow, max-snippet:-1, max-image-preview:large, max-video-preview:-1\" \/>\n<link rel=\"canonical\" href=\"https:\/\/bosstal.lyk-website.pl\/produkt\/pawilon-grafit-3x2-obrobki-grafit\/\" \/>\n<meta property=\"og:locale\" content=\"pl_PL\" \/>\n<meta property=\"og:type\" content=\"article\" \/>\n<meta property=\"og:title\" content=\"Pawilon grafit 3x2 obr\u00f3bki grafit - BOSSTAL - Gara\u017ce blaszane, bramy gara\u017cowe\" \/>\n<meta property=\"og:description\" content=\"INFORMACJE O PAWILONIE     Parametry Opis   Wymiar 3,00m szeroki, 2,00m d\u0142ugi (wymiar zewn\u0119trzny)   Rodzaj p\u0142yty 120 mm grubo\u015bci, kolor grafit w 2 gatunku   Okucia grafit   Wysoko\u015b\u0107 2,65m\/2,60m   Drzwi 90 cm szerokie, grafit   Elektryka gniazdo i o\u015bwietlenie   Dodatki okno, wentylacja grawitacyjna\" \/>\n<meta property=\"og:url\" content=\"https:\/\/bosstal.lyk-website.pl\/produkt\/pawilon-grafit-3x2-obrobki-grafit\/\" \/>\n<meta property=\"og:site_name\" content=\"BOSSTAL - Gara\u017ce blaszane, bramy gara\u017cowe\" \/>\n<meta property=\"article:publisher\" content=\"https:\/\/www.facebook.com\/BOSSTALgaraze\/?paipv=0&amp;eav=AfYZ2l3-EB2evP2qFACTbJ5QDveaaanUEmyUIkHdBQqARjwa8nlwir_XJ3aC0-qB-ec&amp;_rdr\" \/>\n<meta property=\"article:modified_time\" content=\"2025-09-12T08:26:11+00:00\" \/>\n<meta property=\"og:image\" content=\"https:\/\/bosstal.lyk-website.pl\/wp-content\/uploads\/2025\/05\/a48be92a-d186-498c-b596-f7a3804c6a0b.png\" \/>\n\t<meta property=\"og:image:width\" content=\"1600\" \/>\n\t<meta property=\"og:image:height\" content=\"1600\" \/>\n\t<meta property=\"og:image:type\" content=\"image\/png\" \/>\n<meta name=\"twitter:card\" content=\"summary_large_image\" \/>\n<meta name=\"twitter:label1\" content=\"Szacowany czas czytania\" \/>\n\t<meta name=\"twitter:data1\" content=\"1 minuta\" \/>\n<script type=\"application\/ld+json\" class=\"yoast-schema-graph\">{\"@context\":\"https:\/\/schema.org\",\"@graph\":[{\"@type\":\"WebPage\",\"@id\":\"https:\/\/bosstal.lyk-website.pl\/produkt\/pawilon-grafit-3x2-obrobki-grafit\/\",\"url\":\"https:\/\/bosstal.lyk-website.pl\/produkt\/pawilon-grafit-3x2-obrobki-grafit\/\",\"name\":\"Pawilon grafit 3x2 obr\u00f3bki grafit - BOSSTAL - Gara\u017ce blaszane, bramy gara\u017cowe\",\"isPartOf\":{\"@id\":\"https:\/\/bosstal.lyk-website.pl\/#website\"},\"primaryImageOfPage\":{\"@id\":\"https:\/\/bosstal.lyk-website.pl\/produkt\/pawilon-grafit-3x2-obrobki-grafit\/#primaryimage\"},\"image\":{\"@id\":\"https:\/\/bosstal.lyk-website.pl\/produkt\/pawilon-grafit-3x2-obrobki-grafit\/#primaryimage\"},\"thumbnailUrl\":\"https:\/\/bosstal.lyk-website.pl\/wp-content\/uploads\/2025\/05\/a48be92a-d186-498c-b596-f7a3804c6a0b.png\",\"datePublished\":\"2025-05-06T10:07:41+00:00\",\"dateModified\":\"2025-09-12T08:26:11+00:00\",\"breadcrumb\":{\"@id\":\"https:\/\/bosstal.lyk-website.pl\/produkt\/pawilon-grafit-3x2-obrobki-grafit\/#breadcrumb\"},\"inLanguage\":\"pl-PL\",\"potentialAction\":[{\"@type\":\"ReadAction\",\"target\":[\"https:\/\/bosstal.lyk-website.pl\/produkt\/pawilon-grafit-3x2-obrobki-grafit\/\"]}]},{\"@type\":\"ImageObject\",\"inLanguage\":\"pl-PL\",\"@id\":\"https:\/\/bosstal.lyk-website.pl\/produkt\/pawilon-grafit-3x2-obrobki-grafit\/#primaryimage\",\"url\":\"https:\/\/bosstal.lyk-website.pl\/wp-content\/uploads\/2025\/05\/a48be92a-d186-498c-b596-f7a3804c6a0b.png\",\"contentUrl\":\"https:\/\/bosstal.lyk-website.pl\/wp-content\/uploads\/2025\/05\/a48be92a-d186-498c-b596-f7a3804c6a0b.png\",\"width\":1600,\"height\":1600},{\"@type\":\"BreadcrumbList\",\"@id\":\"https:\/\/bosstal.lyk-website.pl\/produkt\/pawilon-grafit-3x2-obrobki-grafit\/#breadcrumb\",\"itemListElement\":[{\"@type\":\"ListItem\",\"position\":1,\"name\":\"Strona g\u0142\u00f3wna\",\"item\":\"https:\/\/bosstal.lyk-website.pl\/\"},{\"@type\":\"ListItem\",\"position\":2,\"name\":\"Sklep\",\"item\":\"https:\/\/bosstal.lyk-website.pl\/?page_id=30805\"},{\"@type\":\"ListItem\",\"position\":3,\"name\":\"Pawilon grafit 3&#215;2 obr\u00f3bki grafit\"}]},{\"@type\":\"WebSite\",\"@id\":\"https:\/\/bosstal.lyk-website.pl\/#website\",\"url\":\"https:\/\/bosstal.lyk-website.pl\/\",\"name\":\"BOSSTAL - Gara\u017ce blaszane, bramy gara\u017cowe\",\"description\":\"Gara\u017ce blaszane, bramy gara\u017cowe\",\"publisher\":{\"@id\":\"https:\/\/bosstal.lyk-website.pl\/#organization\"},\"potentialAction\":[{\"@type\":\"SearchAction\",\"target\":{\"@type\":\"EntryPoint\",\"urlTemplate\":\"https:\/\/bosstal.lyk-website.pl\/?s={search_term_string}\"},\"query-input\":{\"@type\":\"PropertyValueSpecification\",\"valueRequired\":true,\"valueName\":\"search_term_string\"}}],\"inLanguage\":\"pl-PL\"},{\"@type\":\"Organization\",\"@id\":\"https:\/\/bosstal.lyk-website.pl\/#organization\",\"name\":\"Bosstal\",\"url\":\"https:\/\/bosstal.lyk-website.pl\/\",\"logo\":{\"@type\":\"ImageObject\",\"inLanguage\":\"pl-PL\",\"@id\":\"https:\/\/bosstal.lyk-website.pl\/#\/schema\/logo\/image\/\",\"url\":\"https:\/\/bosstal.lyk-website.pl\/wp-content\/uploads\/2024\/02\/bosstal-logo-e1708509050674.png\",\"contentUrl\":\"https:\/\/bosstal.lyk-website.pl\/wp-content\/uploads\/2024\/02\/bosstal-logo-e1708509050674.png\",\"width\":5000,\"height\":666,\"caption\":\"Bosstal\"},\"image\":{\"@id\":\"https:\/\/bosstal.lyk-website.pl\/#\/schema\/logo\/image\/\"},\"sameAs\":[\"https:\/\/www.facebook.com\/BOSSTALgaraze\/?paipv=0&eav=AfYZ2l3-EB2evP2qFACTbJ5QDveaaanUEmyUIkHdBQqARjwa8nlwir_XJ3aC0-qB-ec&_rdr\"]}]}<\/script>\n<!-- \/ Yoast SEO plugin. -->","yoast_head_json":{"title":"Pawilon grafit 3x2 obr\u00f3bki grafit - BOSSTAL - Gara\u017ce blaszane, bramy gara\u017cowe","robots":{"index":"index","follow":"follow","max-snippet":"max-snippet:-1","max-image-preview":"max-image-preview:large","max-video-preview":"max-video-preview:-1"},"canonical":"https:\/\/bosstal.lyk-website.pl\/produkt\/pawilon-grafit-3x2-obrobki-grafit\/","og_locale":"pl_PL","og_type":"article","og_title":"Pawilon grafit 3x2 obr\u00f3bki grafit - BOSSTAL - Gara\u017ce blaszane, bramy gara\u017cowe","og_description":"INFORMACJE O PAWILONIE     Parametry Opis   Wymiar 3,00m szeroki, 2,00m d\u0142ugi (wymiar zewn\u0119trzny)   Rodzaj p\u0142yty 120 mm grubo\u015bci, kolor grafit w 2 gatunku   Okucia grafit   Wysoko\u015b\u0107 2,65m\/2,60m   Drzwi 90 cm szerokie, grafit   Elektryka gniazdo i o\u015bwietlenie   Dodatki okno, wentylacja grawitacyjna","og_url":"https:\/\/bosstal.lyk-website.pl\/produkt\/pawilon-grafit-3x2-obrobki-grafit\/","og_site_name":"BOSSTAL - Gara\u017ce blaszane, bramy gara\u017cowe","article_publisher":"https:\/\/www.facebook.com\/BOSSTALgaraze\/?paipv=0&eav=AfYZ2l3-EB2evP2qFACTbJ5QDveaaanUEmyUIkHdBQqARjwa8nlwir_XJ3aC0-qB-ec&_rdr","article_modified_time":"2025-09-12T08:26:11+00:00","og_image":[{"width":1600,"height":1600,"url":"https:\/\/bosstal.lyk-website.pl\/wp-content\/uploads\/2025\/05\/a48be92a-d186-498c-b596-f7a3804c6a0b.png","type":"image\/png"}],"twitter_card":"summary_large_image","twitter_misc":{"Szacowany czas czytania":"1 minuta"},"schema":{"@context":"https:\/\/schema.org","@graph":[{"@type":"WebPage","@id":"https:\/\/bosstal.lyk-website.pl\/produkt\/pawilon-grafit-3x2-obrobki-grafit\/","url":"https:\/\/bosstal.lyk-website.pl\/produkt\/pawilon-grafit-3x2-obrobki-grafit\/","name":"Pawilon grafit 3x2 obr\u00f3bki grafit - BOSSTAL - Gara\u017ce blaszane, bramy gara\u017cowe","isPartOf":{"@id":"https:\/\/bosstal.lyk-website.pl\/#website"},"primaryImageOfPage":{"@id":"https:\/\/bosstal.lyk-website.pl\/produkt\/pawilon-grafit-3x2-obrobki-grafit\/#primaryimage"},"image":{"@id":"https:\/\/bosstal.lyk-website.pl\/produkt\/pawilon-grafit-3x2-obrobki-grafit\/#primaryimage"},"thumbnailUrl":"https:\/\/bosstal.lyk-website.pl\/wp-content\/uploads\/2025\/05\/a48be92a-d186-498c-b596-f7a3804c6a0b.png","datePublished":"2025-05-06T10:07:41+00:00","dateModified":"2025-09-12T08:26:11+00:00","breadcrumb":{"@id":"https:\/\/bosstal.lyk-website.pl\/produkt\/pawilon-grafit-3x2-obrobki-grafit\/#breadcrumb"},"inLanguage":"pl-PL","potentialAction":[{"@type":"ReadAction","target":["https:\/\/bosstal.lyk-website.pl\/produkt\/pawilon-grafit-3x2-obrobki-grafit\/"]}]},{"@type":"ImageObject","inLanguage":"pl-PL","@id":"https:\/\/bosstal.lyk-website.pl\/produkt\/pawilon-grafit-3x2-obrobki-grafit\/#primaryimage","url":"https:\/\/bosstal.lyk-website.pl\/wp-content\/uploads\/2025\/05\/a48be92a-d186-498c-b596-f7a3804c6a0b.png","contentUrl":"https:\/\/bosstal.lyk-website.pl\/wp-content\/uploads\/2025\/05\/a48be92a-d186-498c-b596-f7a3804c6a0b.png","width":1600,"height":1600},{"@type":"BreadcrumbList","@id":"https:\/\/bosstal.lyk-website.pl\/produkt\/pawilon-grafit-3x2-obrobki-grafit\/#breadcrumb","itemListElement":[{"@type":"ListItem","position":1,"name":"Strona g\u0142\u00f3wna","item":"https:\/\/bosstal.lyk-website.pl\/"},{"@type":"ListItem","position":2,"name":"Sklep","item":"https:\/\/bosstal.lyk-website.pl\/?page_id=30805"},{"@type":"ListItem","position":3,"name":"Pawilon grafit 3&#215;2 obr\u00f3bki grafit"}]},{"@type":"WebSite","@id":"https:\/\/bosstal.lyk-website.pl\/#website","url":"https:\/\/bosstal.lyk-website.pl\/","name":"BOSSTAL - Gara\u017ce blaszane, bramy gara\u017cowe","description":"Gara\u017ce blaszane, bramy gara\u017cowe","publisher":{"@id":"https:\/\/bosstal.lyk-website.pl\/#organization"},"potentialAction":[{"@type":"SearchAction","target":{"@type":"EntryPoint","urlTemplate":"https:\/\/bosstal.lyk-website.pl\/?s={search_term_string}"},"query-input":{"@type":"PropertyValueSpecification","valueRequired":true,"valueName":"search_term_string"}}],"inLanguage":"pl-PL"},{"@type":"Organization","@id":"https:\/\/bosstal.lyk-website.pl\/#organization","name":"Bosstal","url":"https:\/\/bosstal.lyk-website.pl\/","logo":{"@type":"ImageObject","inLanguage":"pl-PL","@id":"https:\/\/bosstal.lyk-website.pl\/#\/schema\/logo\/image\/","url":"https:\/\/bosstal.lyk-website.pl\/wp-content\/uploads\/2024\/02\/bosstal-logo-e1708509050674.png","contentUrl":"https:\/\/bosstal.lyk-website.pl\/wp-content\/uploads\/2024\/02\/bosstal-logo-e1708509050674.png","width":5000,"height":666,"caption":"Bosstal"},"image":{"@id":"https:\/\/bosstal.lyk-website.pl\/#\/schema\/logo\/image\/"},"sameAs":["https:\/\/www.facebook.com\/BOSSTALgaraze\/?paipv=0&eav=AfYZ2l3-EB2evP2qFACTbJ5QDveaaanUEmyUIkHdBQqARjwa8nlwir_XJ3aC0-qB-ec&_rdr"]}]}},"_links":{"self":[{"href":"https:\/\/bosstal.lyk-website.pl\/index.php?rest_route=\/wp\/v2\/product\/32369","targetHints":{"allow":["GET"]}}],"collection":[{"href":"https:\/\/bosstal.lyk-website.pl\/index.php?rest_route=\/wp\/v2\/product"}],"about":[{"href":"https:\/\/bosstal.lyk-website.pl\/index.php?rest_route=\/wp\/v2\/types\/product"}],"replies":[{"embeddable":true,"href":"https:\/\/bosstal.lyk-website.pl\/index.php?rest_route=%2Fwp%2Fv2%2Fcomments&post=32369"}],"wp:featuredmedia":[{"embeddable":true,"href":"https:\/\/bosstal.lyk-website.pl\/index.php?rest_route=\/wp\/v2\/media\/32373"}],"wp:attachment":[{"href":"https:\/\/bosstal.lyk-website.pl\/index.php?rest_route=%2Fwp%2Fv2%2Fmedia&parent=32369"}],"wp:term":[{"taxonomy":"product_brand","embeddable":true,"href":"https:\/\/bosstal.lyk-website.pl\/index.php?rest_route=%2Fwp%2Fv2%2Fproduct_brand&post=32369"},{"taxonomy":"product_cat","embeddable":true,"href":"https:\/\/bosstal.lyk-website.pl\/index.php?rest_route=%2Fwp%2Fv2%2Fproduct_cat&post=32369"},{"taxonomy":"product_tag","embeddable":true,"href":"https:\/\/bosstal.lyk-website.pl\/index.php?rest_route=%2Fwp%2Fv2%2Fproduct_tag&post=32369"}],"curies":[{"name":"wp","href":"https:\/\/api.w.org\/{rel}","templated":true}]}}