{"id":32250,"date":"2024-06-07T08:09:38","date_gmt":"2024-06-07T06:09:38","guid":{"rendered":"https:\/\/bosstal.lyk-website.pl\/?post_type=product&#038;p=32250"},"modified":"2025-07-01T14:02:55","modified_gmt":"2025-07-01T12:02:55","slug":"kojec-ocynkowany-3x2-kopia","status":"publish","type":"product","link":"https:\/\/bosstal.lyk-website.pl\/?product=kojec-ocynkowany-3x2-kopia","title":{"rendered":"Kojec czarny 3&#215;2"},"content":{"rendered":"<p>Przygotowanie pod\u0142o\u017ca jest w zakresie klienta.<br \/>\nTolerancja wymiaru kojca wynosi 2-5 cm<br \/>\nMonta\u017c i dostawa gratis.<br \/>\nProsimy o zapewnienie dojazdu dla samochodu do miejsca, gdzie b\u0119dzie stawiany kojec.<\/p>\n","protected":false},"excerpt":{"rendered":"<h3>INFORMACJE O KOJCU<\/h3>\n<div class=\"custom-table-container\" style=\"overflow-x: auto;\">\n<table>\n<tbody>\n<tr>\n<th>Parametry<\/th>\n<th>Opis<\/th>\n<\/tr>\n<tr>\n<td>Wymiar<\/td>\n<td>3,00m szeroki, 2,00m d\u0142ugi<\/td>\n<\/tr>\n<tr>\n<td>Dach<\/td>\n<td>jednospadowy, w ty\u0142, blacha trapezowa ocynkowana<\/td>\n<\/tr>\n<tr>\n<td>Furtka<\/td>\n<td>78-80 cm szeroka z prawej<\/td>\n<\/tr>\n<tr>\n<td>Konstrukcja<\/td>\n<td>rama i poprzeczki z rurek (stal malowana na czarno)<\/td>\n<\/tr>\n<tr>\n<td>Wysoko\u015b\u0107<\/td>\n<td>1,70 m prz\u00f3d, 1,50 cm ty\u0142<\/td>\n<\/tr>\n<tr>\n<td>Zamek<\/td>\n<td>rygiel w formie zasuwy<\/td>\n<\/tr>\n<tr>\n<td>Dodatki<\/td>\n<td>obrotowy uchwyt na miski<\/td>\n<\/tr>\n<\/tbody>\n<\/table>\n<\/div>\n","protected":false},"featured_media":32278,"comment_status":"open","ping_status":"closed","template":"","meta":{"_acf_changed":false,"_monsterinsights_skip_tracking":false,"_monsterinsights_sitenote_active":false,"_monsterinsights_sitenote_note":"","_monsterinsights_sitenote_category":0},"product_brand":[],"product_cat":[318],"product_tag":[],"class_list":{"0":"post-32250","1":"product","2":"type-product","3":"status-publish","4":"has-post-thumbnail","6":"product_cat-kojce-dla-psow","8":"first","9":"instock","10":"shipping-taxable","11":"purchasable","12":"product-type-variable"},"acf":[],"yoast_head":"<!-- This site is optimized with the Yoast SEO plugin v26.1.1 - https:\/\/yoast.com\/wordpress\/plugins\/seo\/ -->\n<title>Kojec czarny 3x2 - BOSSTAL - Gara\u017ce blaszane, bramy gara\u017cowe<\/title>\n<meta name=\"robots\" content=\"index, follow, max-snippet:-1, max-image-preview:large, max-video-preview:-1\" \/>\n<link rel=\"canonical\" href=\"https:\/\/bosstal.lyk-website.pl\/produkt\/kojec-ocynkowany-3x2-kopia\/\" \/>\n<meta property=\"og:locale\" content=\"pl_PL\" \/>\n<meta property=\"og:type\" content=\"article\" \/>\n<meta property=\"og:title\" content=\"Kojec czarny 3x2 - BOSSTAL - Gara\u017ce blaszane, bramy gara\u017cowe\" \/>\n<meta property=\"og:description\" content=\"INFORMACJE O KOJCU     Parametry Opis   Wymiar 3,00m szeroki, 2,00m d\u0142ugi   Dach jednospadowy, w ty\u0142, blacha trapezowa ocynkowana   Furtka 78-80 cm szeroka z prawej   Konstrukcja rama i poprzeczki z rurek (stal malowana na czarno)   Wysoko\u015b\u0107 1,70 m prz\u00f3d, 1,50 cm ty\u0142   Zamek rygiel w formie zasuwy   Dodatki obrotowy uchwyt na miski\" \/>\n<meta property=\"og:url\" content=\"https:\/\/bosstal.lyk-website.pl\/produkt\/kojec-ocynkowany-3x2-kopia\/\" \/>\n<meta property=\"og:site_name\" content=\"BOSSTAL - Gara\u017ce blaszane, bramy gara\u017cowe\" \/>\n<meta property=\"article:publisher\" content=\"https:\/\/www.facebook.com\/BOSSTALgaraze\/?paipv=0&amp;eav=AfYZ2l3-EB2evP2qFACTbJ5QDveaaanUEmyUIkHdBQqARjwa8nlwir_XJ3aC0-qB-ec&amp;_rdr\" \/>\n<meta property=\"article:modified_time\" content=\"2025-07-01T12:02:55+00:00\" \/>\n<meta property=\"og:image\" content=\"https:\/\/bosstal.lyk-website.pl\/wp-content\/uploads\/2024\/06\/Projekt-bez-nazwy-60-1024x1024.png\" \/>\n\t<meta property=\"og:image:width\" content=\"1024\" \/>\n\t<meta property=\"og:image:height\" content=\"1024\" \/>\n\t<meta property=\"og:image:type\" content=\"image\/png\" \/>\n<meta name=\"twitter:card\" content=\"summary_large_image\" \/>\n<meta name=\"twitter:label1\" content=\"Szacowany czas czytania\" \/>\n\t<meta name=\"twitter:data1\" content=\"1 minuta\" \/>\n<script type=\"application\/ld+json\" class=\"yoast-schema-graph\">{\"@context\":\"https:\/\/schema.org\",\"@graph\":[{\"@type\":\"WebPage\",\"@id\":\"https:\/\/bosstal.lyk-website.pl\/produkt\/kojec-ocynkowany-3x2-kopia\/\",\"url\":\"https:\/\/bosstal.lyk-website.pl\/produkt\/kojec-ocynkowany-3x2-kopia\/\",\"name\":\"Kojec czarny 3x2 - BOSSTAL - Gara\u017ce blaszane, bramy gara\u017cowe\",\"isPartOf\":{\"@id\":\"https:\/\/bosstal.lyk-website.pl\/#website\"},\"primaryImageOfPage\":{\"@id\":\"https:\/\/bosstal.lyk-website.pl\/produkt\/kojec-ocynkowany-3x2-kopia\/#primaryimage\"},\"image\":{\"@id\":\"https:\/\/bosstal.lyk-website.pl\/produkt\/kojec-ocynkowany-3x2-kopia\/#primaryimage\"},\"thumbnailUrl\":\"https:\/\/bosstal.lyk-website.pl\/wp-content\/uploads\/2024\/06\/Projekt-bez-nazwy-60.png\",\"datePublished\":\"2024-06-07T06:09:38+00:00\",\"dateModified\":\"2025-07-01T12:02:55+00:00\",\"breadcrumb\":{\"@id\":\"https:\/\/bosstal.lyk-website.pl\/produkt\/kojec-ocynkowany-3x2-kopia\/#breadcrumb\"},\"inLanguage\":\"pl-PL\",\"potentialAction\":[{\"@type\":\"ReadAction\",\"target\":[\"https:\/\/bosstal.lyk-website.pl\/produkt\/kojec-ocynkowany-3x2-kopia\/\"]}]},{\"@type\":\"ImageObject\",\"inLanguage\":\"pl-PL\",\"@id\":\"https:\/\/bosstal.lyk-website.pl\/produkt\/kojec-ocynkowany-3x2-kopia\/#primaryimage\",\"url\":\"https:\/\/bosstal.lyk-website.pl\/wp-content\/uploads\/2024\/06\/Projekt-bez-nazwy-60.png\",\"contentUrl\":\"https:\/\/bosstal.lyk-website.pl\/wp-content\/uploads\/2024\/06\/Projekt-bez-nazwy-60.png\",\"width\":1200,\"height\":1200},{\"@type\":\"BreadcrumbList\",\"@id\":\"https:\/\/bosstal.lyk-website.pl\/produkt\/kojec-ocynkowany-3x2-kopia\/#breadcrumb\",\"itemListElement\":[{\"@type\":\"ListItem\",\"position\":1,\"name\":\"Strona g\u0142\u00f3wna\",\"item\":\"https:\/\/bosstal.lyk-website.pl\/\"},{\"@type\":\"ListItem\",\"position\":2,\"name\":\"Sklep\",\"item\":\"https:\/\/bosstal.lyk-website.pl\/?page_id=30805\"},{\"@type\":\"ListItem\",\"position\":3,\"name\":\"Kojec czarny 3&#215;2\"}]},{\"@type\":\"WebSite\",\"@id\":\"https:\/\/bosstal.lyk-website.pl\/#website\",\"url\":\"https:\/\/bosstal.lyk-website.pl\/\",\"name\":\"BOSSTAL - Gara\u017ce blaszane, bramy gara\u017cowe\",\"description\":\"Gara\u017ce blaszane, bramy gara\u017cowe\",\"publisher\":{\"@id\":\"https:\/\/bosstal.lyk-website.pl\/#organization\"},\"potentialAction\":[{\"@type\":\"SearchAction\",\"target\":{\"@type\":\"EntryPoint\",\"urlTemplate\":\"https:\/\/bosstal.lyk-website.pl\/?s={search_term_string}\"},\"query-input\":{\"@type\":\"PropertyValueSpecification\",\"valueRequired\":true,\"valueName\":\"search_term_string\"}}],\"inLanguage\":\"pl-PL\"},{\"@type\":\"Organization\",\"@id\":\"https:\/\/bosstal.lyk-website.pl\/#organization\",\"name\":\"Bosstal\",\"url\":\"https:\/\/bosstal.lyk-website.pl\/\",\"logo\":{\"@type\":\"ImageObject\",\"inLanguage\":\"pl-PL\",\"@id\":\"https:\/\/bosstal.lyk-website.pl\/#\/schema\/logo\/image\/\",\"url\":\"https:\/\/bosstal.lyk-website.pl\/wp-content\/uploads\/2024\/02\/bosstal-logo-e1708509050674.png\",\"contentUrl\":\"https:\/\/bosstal.lyk-website.pl\/wp-content\/uploads\/2024\/02\/bosstal-logo-e1708509050674.png\",\"width\":5000,\"height\":666,\"caption\":\"Bosstal\"},\"image\":{\"@id\":\"https:\/\/bosstal.lyk-website.pl\/#\/schema\/logo\/image\/\"},\"sameAs\":[\"https:\/\/www.facebook.com\/BOSSTALgaraze\/?paipv=0&eav=AfYZ2l3-EB2evP2qFACTbJ5QDveaaanUEmyUIkHdBQqARjwa8nlwir_XJ3aC0-qB-ec&_rdr\"]}]}<\/script>\n<!-- \/ Yoast SEO plugin. -->","yoast_head_json":{"title":"Kojec czarny 3x2 - BOSSTAL - Gara\u017ce blaszane, bramy gara\u017cowe","robots":{"index":"index","follow":"follow","max-snippet":"max-snippet:-1","max-image-preview":"max-image-preview:large","max-video-preview":"max-video-preview:-1"},"canonical":"https:\/\/bosstal.lyk-website.pl\/produkt\/kojec-ocynkowany-3x2-kopia\/","og_locale":"pl_PL","og_type":"article","og_title":"Kojec czarny 3x2 - BOSSTAL - Gara\u017ce blaszane, bramy gara\u017cowe","og_description":"INFORMACJE O KOJCU     Parametry Opis   Wymiar 3,00m szeroki, 2,00m d\u0142ugi   Dach jednospadowy, w ty\u0142, blacha trapezowa ocynkowana   Furtka 78-80 cm szeroka z prawej   Konstrukcja rama i poprzeczki z rurek (stal malowana na czarno)   Wysoko\u015b\u0107 1,70 m prz\u00f3d, 1,50 cm ty\u0142   Zamek rygiel w formie zasuwy   Dodatki obrotowy uchwyt na miski","og_url":"https:\/\/bosstal.lyk-website.pl\/produkt\/kojec-ocynkowany-3x2-kopia\/","og_site_name":"BOSSTAL - Gara\u017ce blaszane, bramy gara\u017cowe","article_publisher":"https:\/\/www.facebook.com\/BOSSTALgaraze\/?paipv=0&eav=AfYZ2l3-EB2evP2qFACTbJ5QDveaaanUEmyUIkHdBQqARjwa8nlwir_XJ3aC0-qB-ec&_rdr","article_modified_time":"2025-07-01T12:02:55+00:00","og_image":[{"width":1024,"height":1024,"url":"https:\/\/bosstal.lyk-website.pl\/wp-content\/uploads\/2024\/06\/Projekt-bez-nazwy-60-1024x1024.png","type":"image\/png"}],"twitter_card":"summary_large_image","twitter_misc":{"Szacowany czas czytania":"1 minuta"},"schema":{"@context":"https:\/\/schema.org","@graph":[{"@type":"WebPage","@id":"https:\/\/bosstal.lyk-website.pl\/produkt\/kojec-ocynkowany-3x2-kopia\/","url":"https:\/\/bosstal.lyk-website.pl\/produkt\/kojec-ocynkowany-3x2-kopia\/","name":"Kojec czarny 3x2 - BOSSTAL - Gara\u017ce blaszane, bramy gara\u017cowe","isPartOf":{"@id":"https:\/\/bosstal.lyk-website.pl\/#website"},"primaryImageOfPage":{"@id":"https:\/\/bosstal.lyk-website.pl\/produkt\/kojec-ocynkowany-3x2-kopia\/#primaryimage"},"image":{"@id":"https:\/\/bosstal.lyk-website.pl\/produkt\/kojec-ocynkowany-3x2-kopia\/#primaryimage"},"thumbnailUrl":"https:\/\/bosstal.lyk-website.pl\/wp-content\/uploads\/2024\/06\/Projekt-bez-nazwy-60.png","datePublished":"2024-06-07T06:09:38+00:00","dateModified":"2025-07-01T12:02:55+00:00","breadcrumb":{"@id":"https:\/\/bosstal.lyk-website.pl\/produkt\/kojec-ocynkowany-3x2-kopia\/#breadcrumb"},"inLanguage":"pl-PL","potentialAction":[{"@type":"ReadAction","target":["https:\/\/bosstal.lyk-website.pl\/produkt\/kojec-ocynkowany-3x2-kopia\/"]}]},{"@type":"ImageObject","inLanguage":"pl-PL","@id":"https:\/\/bosstal.lyk-website.pl\/produkt\/kojec-ocynkowany-3x2-kopia\/#primaryimage","url":"https:\/\/bosstal.lyk-website.pl\/wp-content\/uploads\/2024\/06\/Projekt-bez-nazwy-60.png","contentUrl":"https:\/\/bosstal.lyk-website.pl\/wp-content\/uploads\/2024\/06\/Projekt-bez-nazwy-60.png","width":1200,"height":1200},{"@type":"BreadcrumbList","@id":"https:\/\/bosstal.lyk-website.pl\/produkt\/kojec-ocynkowany-3x2-kopia\/#breadcrumb","itemListElement":[{"@type":"ListItem","position":1,"name":"Strona g\u0142\u00f3wna","item":"https:\/\/bosstal.lyk-website.pl\/"},{"@type":"ListItem","position":2,"name":"Sklep","item":"https:\/\/bosstal.lyk-website.pl\/?page_id=30805"},{"@type":"ListItem","position":3,"name":"Kojec czarny 3&#215;2"}]},{"@type":"WebSite","@id":"https:\/\/bosstal.lyk-website.pl\/#website","url":"https:\/\/bosstal.lyk-website.pl\/","name":"BOSSTAL - Gara\u017ce blaszane, bramy gara\u017cowe","description":"Gara\u017ce blaszane, bramy gara\u017cowe","publisher":{"@id":"https:\/\/bosstal.lyk-website.pl\/#organization"},"potentialAction":[{"@type":"SearchAction","target":{"@type":"EntryPoint","urlTemplate":"https:\/\/bosstal.lyk-website.pl\/?s={search_term_string}"},"query-input":{"@type":"PropertyValueSpecification","valueRequired":true,"valueName":"search_term_string"}}],"inLanguage":"pl-PL"},{"@type":"Organization","@id":"https:\/\/bosstal.lyk-website.pl\/#organization","name":"Bosstal","url":"https:\/\/bosstal.lyk-website.pl\/","logo":{"@type":"ImageObject","inLanguage":"pl-PL","@id":"https:\/\/bosstal.lyk-website.pl\/#\/schema\/logo\/image\/","url":"https:\/\/bosstal.lyk-website.pl\/wp-content\/uploads\/2024\/02\/bosstal-logo-e1708509050674.png","contentUrl":"https:\/\/bosstal.lyk-website.pl\/wp-content\/uploads\/2024\/02\/bosstal-logo-e1708509050674.png","width":5000,"height":666,"caption":"Bosstal"},"image":{"@id":"https:\/\/bosstal.lyk-website.pl\/#\/schema\/logo\/image\/"},"sameAs":["https:\/\/www.facebook.com\/BOSSTALgaraze\/?paipv=0&eav=AfYZ2l3-EB2evP2qFACTbJ5QDveaaanUEmyUIkHdBQqARjwa8nlwir_XJ3aC0-qB-ec&_rdr"]}]}},"_links":{"self":[{"href":"https:\/\/bosstal.lyk-website.pl\/index.php?rest_route=\/wp\/v2\/product\/32250","targetHints":{"allow":["GET"]}}],"collection":[{"href":"https:\/\/bosstal.lyk-website.pl\/index.php?rest_route=\/wp\/v2\/product"}],"about":[{"href":"https:\/\/bosstal.lyk-website.pl\/index.php?rest_route=\/wp\/v2\/types\/product"}],"replies":[{"embeddable":true,"href":"https:\/\/bosstal.lyk-website.pl\/index.php?rest_route=%2Fwp%2Fv2%2Fcomments&post=32250"}],"wp:featuredmedia":[{"embeddable":true,"href":"https:\/\/bosstal.lyk-website.pl\/index.php?rest_route=\/wp\/v2\/media\/32278"}],"wp:attachment":[{"href":"https:\/\/bosstal.lyk-website.pl\/index.php?rest_route=%2Fwp%2Fv2%2Fmedia&parent=32250"}],"wp:term":[{"taxonomy":"product_brand","embeddable":true,"href":"https:\/\/bosstal.lyk-website.pl\/index.php?rest_route=%2Fwp%2Fv2%2Fproduct_brand&post=32250"},{"taxonomy":"product_cat","embeddable":true,"href":"https:\/\/bosstal.lyk-website.pl\/index.php?rest_route=%2Fwp%2Fv2%2Fproduct_cat&post=32250"},{"taxonomy":"product_tag","embeddable":true,"href":"https:\/\/bosstal.lyk-website.pl\/index.php?rest_route=%2Fwp%2Fv2%2Fproduct_tag&post=32250"}],"curies":[{"name":"wp","href":"https:\/\/api.w.org\/{rel}","templated":true}]}}