{"id":32185,"date":"2024-04-15T14:12:33","date_gmt":"2024-04-15T12:12:33","guid":{"rendered":"https:\/\/bosstal.lyk-website.pl\/?post_type=product&#038;p=32185"},"modified":"2025-06-18T09:35:12","modified_gmt":"2025-06-18T07:35:12","slug":"garaz-blaszany-5x6-drzwi","status":"publish","type":"product","link":"https:\/\/bosstal.lyk-website.pl\/?product=garaz-blaszany-5x6-drzwi","title":{"rendered":"Gara\u017c blaszany 5&#215;6 + drzwi"},"content":{"rendered":"<p style=\"margin: 0cm;\">Przygotowanie pod\u0142o\u017ca jest w zakresie klienta (zapraszamy do <a href=\"\/przygotowanie-podloza\/\">naszego poradnika<\/a>).<br \/>\nTolerancja wymiaru gara\u017cu wynosi 2-5 cm.<br \/>\nMonta\u017c i dostawa w cenie.<br \/>\nKotwiczenie do pod\u0142o\u017ca jest us\u0142ug\u0105 dodatkowo p\u0142atn\u0105 lub jest w zakresie klienta.<\/p>\n<p style=\"margin: 0cm;\">Konstrukcja w gara\u017cu jest malowana farb\u0105 podk\u0142adow\u0105 na br\u0105zowo, zabezpieczenie antykorozyjne konstrukcji w zakresie klienta.<\/p>\n<p style=\"margin: 0cm;\">Prosimy o zapewnienie dojazdu dla samochodu do miejsca, gdzie b\u0119dzie stawiany gara\u017c.<\/p>\n","protected":false},"excerpt":{"rendered":"<h3>INFORMACJE O GARA\u017bU<\/h3>\n<div class=\"custom-table-container\" style=\"overflow-x: auto;\">\n<table>\n<tbody>\n<tr>\n<th>Parametry<\/th>\n<th>Opis<\/th>\n<\/tr>\n<tr>\n<td>Wymiar<\/td>\n<td>5m szeroki, 6m d\u0142ugi<\/td>\n<\/tr>\n<tr>\n<td>Brama<\/td>\n<td>dwuskrzyd\u0142owa<\/td>\n<\/tr>\n<tr>\n<td>Dach<\/td>\n<td>jednospadowy, w ty\u0142<\/td>\n<\/tr>\n<tr>\n<td>Konstrukcja<\/td>\n<td>k\u0105townik, malowany farb\u0105 podk\u0142adow\u0105 na br\u0105zowo<\/td>\n<\/tr>\n<tr>\n<td>Wysoko\u015b\u0107<\/td>\n<td>prz\u00f3d 2,13 m, ty\u0142 1,90m<\/td>\n<\/tr>\n<tr>\n<td>Poszycie<\/td>\n<td>blacha trapezowa ocynkowana w 1 gatunku<\/td>\n<\/tr>\n<tr>\n<td>Zamek<\/td>\n<td>2x na dwa klucze<\/td>\n<\/tr>\n<tr>\n<td>Dodatki<\/td>\n<td>drzwi<\/td>\n<\/tr>\n<\/tbody>\n<\/table>\n<\/div>\n","protected":false},"featured_media":32190,"comment_status":"open","ping_status":"closed","template":"","meta":{"_acf_changed":false,"_monsterinsights_skip_tracking":false,"_monsterinsights_sitenote_active":false,"_monsterinsights_sitenote_note":"","_monsterinsights_sitenote_category":0},"product_brand":[],"product_cat":[313],"product_tag":[],"class_list":{"0":"post-32185","1":"product","2":"type-product","3":"status-publish","4":"has-post-thumbnail","6":"product_cat-garaze-ocynkowane","8":"first","9":"instock","10":"sale","11":"shipping-taxable","12":"purchasable","13":"product-type-simple"},"acf":[],"yoast_head":"<!-- This site is optimized with the Yoast SEO plugin v26.1.1 - https:\/\/yoast.com\/wordpress\/plugins\/seo\/ -->\n<title>Gara\u017c blaszany 5x6 + drzwi - BOSSTAL - Gara\u017ce blaszane, bramy gara\u017cowe<\/title>\n<meta name=\"robots\" content=\"index, follow, max-snippet:-1, max-image-preview:large, max-video-preview:-1\" \/>\n<link rel=\"canonical\" href=\"https:\/\/bosstal.lyk-website.pl\/produkt\/garaz-blaszany-5x6-drzwi\/\" \/>\n<meta property=\"og:locale\" content=\"pl_PL\" \/>\n<meta property=\"og:type\" content=\"article\" \/>\n<meta property=\"og:title\" content=\"Gara\u017c blaszany 5x6 + drzwi - BOSSTAL - Gara\u017ce blaszane, bramy gara\u017cowe\" \/>\n<meta property=\"og:description\" content=\"INFORMACJE O GARA\u017bU     Parametry Opis   Wymiar 5m szeroki, 6m d\u0142ugi   Brama dwuskrzyd\u0142owa   Dach jednospadowy, w ty\u0142   Konstrukcja k\u0105townik, malowany farb\u0105 podk\u0142adow\u0105 na br\u0105zowo   Wysoko\u015b\u0107 prz\u00f3d 2,13 m, ty\u0142 1,90m   Poszycie blacha trapezowa ocynkowana w 1 gatunku   Zamek 2x na dwa klucze   Dodatki drzwi\" \/>\n<meta property=\"og:url\" content=\"https:\/\/bosstal.lyk-website.pl\/produkt\/garaz-blaszany-5x6-drzwi\/\" \/>\n<meta property=\"og:site_name\" content=\"BOSSTAL - Gara\u017ce blaszane, bramy gara\u017cowe\" \/>\n<meta property=\"article:publisher\" content=\"https:\/\/www.facebook.com\/BOSSTALgaraze\/?paipv=0&amp;eav=AfYZ2l3-EB2evP2qFACTbJ5QDveaaanUEmyUIkHdBQqARjwa8nlwir_XJ3aC0-qB-ec&amp;_rdr\" \/>\n<meta property=\"article:modified_time\" content=\"2025-06-18T07:35:12+00:00\" \/>\n<meta property=\"og:image\" content=\"https:\/\/bosstal.lyk-website.pl\/wp-content\/uploads\/2024\/04\/Projekt-bez-nazwy-21.png\" \/>\n\t<meta property=\"og:image:width\" content=\"1200\" \/>\n\t<meta property=\"og:image:height\" content=\"1200\" \/>\n\t<meta property=\"og:image:type\" content=\"image\/png\" \/>\n<meta name=\"twitter:card\" content=\"summary_large_image\" \/>\n<meta name=\"twitter:label1\" content=\"Szacowany czas czytania\" \/>\n\t<meta name=\"twitter:data1\" content=\"1 minuta\" \/>\n<script type=\"application\/ld+json\" class=\"yoast-schema-graph\">{\"@context\":\"https:\/\/schema.org\",\"@graph\":[{\"@type\":\"WebPage\",\"@id\":\"https:\/\/bosstal.lyk-website.pl\/produkt\/garaz-blaszany-5x6-drzwi\/\",\"url\":\"https:\/\/bosstal.lyk-website.pl\/produkt\/garaz-blaszany-5x6-drzwi\/\",\"name\":\"Gara\u017c blaszany 5x6 + drzwi - BOSSTAL - Gara\u017ce blaszane, bramy gara\u017cowe\",\"isPartOf\":{\"@id\":\"https:\/\/bosstal.lyk-website.pl\/#website\"},\"primaryImageOfPage\":{\"@id\":\"https:\/\/bosstal.lyk-website.pl\/produkt\/garaz-blaszany-5x6-drzwi\/#primaryimage\"},\"image\":{\"@id\":\"https:\/\/bosstal.lyk-website.pl\/produkt\/garaz-blaszany-5x6-drzwi\/#primaryimage\"},\"thumbnailUrl\":\"https:\/\/bosstal.lyk-website.pl\/wp-content\/uploads\/2024\/04\/Projekt-bez-nazwy-21.png\",\"datePublished\":\"2024-04-15T12:12:33+00:00\",\"dateModified\":\"2025-06-18T07:35:12+00:00\",\"breadcrumb\":{\"@id\":\"https:\/\/bosstal.lyk-website.pl\/produkt\/garaz-blaszany-5x6-drzwi\/#breadcrumb\"},\"inLanguage\":\"pl-PL\",\"potentialAction\":[{\"@type\":\"ReadAction\",\"target\":[\"https:\/\/bosstal.lyk-website.pl\/produkt\/garaz-blaszany-5x6-drzwi\/\"]}]},{\"@type\":\"ImageObject\",\"inLanguage\":\"pl-PL\",\"@id\":\"https:\/\/bosstal.lyk-website.pl\/produkt\/garaz-blaszany-5x6-drzwi\/#primaryimage\",\"url\":\"https:\/\/bosstal.lyk-website.pl\/wp-content\/uploads\/2024\/04\/Projekt-bez-nazwy-21.png\",\"contentUrl\":\"https:\/\/bosstal.lyk-website.pl\/wp-content\/uploads\/2024\/04\/Projekt-bez-nazwy-21.png\",\"width\":1200,\"height\":1200},{\"@type\":\"BreadcrumbList\",\"@id\":\"https:\/\/bosstal.lyk-website.pl\/produkt\/garaz-blaszany-5x6-drzwi\/#breadcrumb\",\"itemListElement\":[{\"@type\":\"ListItem\",\"position\":1,\"name\":\"Strona g\u0142\u00f3wna\",\"item\":\"https:\/\/bosstal.lyk-website.pl\/\"},{\"@type\":\"ListItem\",\"position\":2,\"name\":\"Sklep\",\"item\":\"https:\/\/bosstal.lyk-website.pl\/?page_id=30805\"},{\"@type\":\"ListItem\",\"position\":3,\"name\":\"Gara\u017c blaszany 5&#215;6 + drzwi\"}]},{\"@type\":\"WebSite\",\"@id\":\"https:\/\/bosstal.lyk-website.pl\/#website\",\"url\":\"https:\/\/bosstal.lyk-website.pl\/\",\"name\":\"BOSSTAL - Gara\u017ce blaszane, bramy gara\u017cowe\",\"description\":\"Gara\u017ce blaszane, bramy gara\u017cowe\",\"publisher\":{\"@id\":\"https:\/\/bosstal.lyk-website.pl\/#organization\"},\"potentialAction\":[{\"@type\":\"SearchAction\",\"target\":{\"@type\":\"EntryPoint\",\"urlTemplate\":\"https:\/\/bosstal.lyk-website.pl\/?s={search_term_string}\"},\"query-input\":{\"@type\":\"PropertyValueSpecification\",\"valueRequired\":true,\"valueName\":\"search_term_string\"}}],\"inLanguage\":\"pl-PL\"},{\"@type\":\"Organization\",\"@id\":\"https:\/\/bosstal.lyk-website.pl\/#organization\",\"name\":\"Bosstal\",\"url\":\"https:\/\/bosstal.lyk-website.pl\/\",\"logo\":{\"@type\":\"ImageObject\",\"inLanguage\":\"pl-PL\",\"@id\":\"https:\/\/bosstal.lyk-website.pl\/#\/schema\/logo\/image\/\",\"url\":\"https:\/\/bosstal.lyk-website.pl\/wp-content\/uploads\/2024\/02\/bosstal-logo-e1708509050674.png\",\"contentUrl\":\"https:\/\/bosstal.lyk-website.pl\/wp-content\/uploads\/2024\/02\/bosstal-logo-e1708509050674.png\",\"width\":5000,\"height\":666,\"caption\":\"Bosstal\"},\"image\":{\"@id\":\"https:\/\/bosstal.lyk-website.pl\/#\/schema\/logo\/image\/\"},\"sameAs\":[\"https:\/\/www.facebook.com\/BOSSTALgaraze\/?paipv=0&eav=AfYZ2l3-EB2evP2qFACTbJ5QDveaaanUEmyUIkHdBQqARjwa8nlwir_XJ3aC0-qB-ec&_rdr\"]}]}<\/script>\n<!-- \/ Yoast SEO plugin. -->","yoast_head_json":{"title":"Gara\u017c blaszany 5x6 + drzwi - BOSSTAL - Gara\u017ce blaszane, bramy gara\u017cowe","robots":{"index":"index","follow":"follow","max-snippet":"max-snippet:-1","max-image-preview":"max-image-preview:large","max-video-preview":"max-video-preview:-1"},"canonical":"https:\/\/bosstal.lyk-website.pl\/produkt\/garaz-blaszany-5x6-drzwi\/","og_locale":"pl_PL","og_type":"article","og_title":"Gara\u017c blaszany 5x6 + drzwi - BOSSTAL - Gara\u017ce blaszane, bramy gara\u017cowe","og_description":"INFORMACJE O GARA\u017bU     Parametry Opis   Wymiar 5m szeroki, 6m d\u0142ugi   Brama dwuskrzyd\u0142owa   Dach jednospadowy, w ty\u0142   Konstrukcja k\u0105townik, malowany farb\u0105 podk\u0142adow\u0105 na br\u0105zowo   Wysoko\u015b\u0107 prz\u00f3d 2,13 m, ty\u0142 1,90m   Poszycie blacha trapezowa ocynkowana w 1 gatunku   Zamek 2x na dwa klucze   Dodatki drzwi","og_url":"https:\/\/bosstal.lyk-website.pl\/produkt\/garaz-blaszany-5x6-drzwi\/","og_site_name":"BOSSTAL - Gara\u017ce blaszane, bramy gara\u017cowe","article_publisher":"https:\/\/www.facebook.com\/BOSSTALgaraze\/?paipv=0&eav=AfYZ2l3-EB2evP2qFACTbJ5QDveaaanUEmyUIkHdBQqARjwa8nlwir_XJ3aC0-qB-ec&_rdr","article_modified_time":"2025-06-18T07:35:12+00:00","og_image":[{"width":1200,"height":1200,"url":"https:\/\/bosstal.lyk-website.pl\/wp-content\/uploads\/2024\/04\/Projekt-bez-nazwy-21.png","type":"image\/png"}],"twitter_card":"summary_large_image","twitter_misc":{"Szacowany czas czytania":"1 minuta"},"schema":{"@context":"https:\/\/schema.org","@graph":[{"@type":"WebPage","@id":"https:\/\/bosstal.lyk-website.pl\/produkt\/garaz-blaszany-5x6-drzwi\/","url":"https:\/\/bosstal.lyk-website.pl\/produkt\/garaz-blaszany-5x6-drzwi\/","name":"Gara\u017c blaszany 5x6 + drzwi - BOSSTAL - Gara\u017ce blaszane, bramy gara\u017cowe","isPartOf":{"@id":"https:\/\/bosstal.lyk-website.pl\/#website"},"primaryImageOfPage":{"@id":"https:\/\/bosstal.lyk-website.pl\/produkt\/garaz-blaszany-5x6-drzwi\/#primaryimage"},"image":{"@id":"https:\/\/bosstal.lyk-website.pl\/produkt\/garaz-blaszany-5x6-drzwi\/#primaryimage"},"thumbnailUrl":"https:\/\/bosstal.lyk-website.pl\/wp-content\/uploads\/2024\/04\/Projekt-bez-nazwy-21.png","datePublished":"2024-04-15T12:12:33+00:00","dateModified":"2025-06-18T07:35:12+00:00","breadcrumb":{"@id":"https:\/\/bosstal.lyk-website.pl\/produkt\/garaz-blaszany-5x6-drzwi\/#breadcrumb"},"inLanguage":"pl-PL","potentialAction":[{"@type":"ReadAction","target":["https:\/\/bosstal.lyk-website.pl\/produkt\/garaz-blaszany-5x6-drzwi\/"]}]},{"@type":"ImageObject","inLanguage":"pl-PL","@id":"https:\/\/bosstal.lyk-website.pl\/produkt\/garaz-blaszany-5x6-drzwi\/#primaryimage","url":"https:\/\/bosstal.lyk-website.pl\/wp-content\/uploads\/2024\/04\/Projekt-bez-nazwy-21.png","contentUrl":"https:\/\/bosstal.lyk-website.pl\/wp-content\/uploads\/2024\/04\/Projekt-bez-nazwy-21.png","width":1200,"height":1200},{"@type":"BreadcrumbList","@id":"https:\/\/bosstal.lyk-website.pl\/produkt\/garaz-blaszany-5x6-drzwi\/#breadcrumb","itemListElement":[{"@type":"ListItem","position":1,"name":"Strona g\u0142\u00f3wna","item":"https:\/\/bosstal.lyk-website.pl\/"},{"@type":"ListItem","position":2,"name":"Sklep","item":"https:\/\/bosstal.lyk-website.pl\/?page_id=30805"},{"@type":"ListItem","position":3,"name":"Gara\u017c blaszany 5&#215;6 + drzwi"}]},{"@type":"WebSite","@id":"https:\/\/bosstal.lyk-website.pl\/#website","url":"https:\/\/bosstal.lyk-website.pl\/","name":"BOSSTAL - Gara\u017ce blaszane, bramy gara\u017cowe","description":"Gara\u017ce blaszane, bramy gara\u017cowe","publisher":{"@id":"https:\/\/bosstal.lyk-website.pl\/#organization"},"potentialAction":[{"@type":"SearchAction","target":{"@type":"EntryPoint","urlTemplate":"https:\/\/bosstal.lyk-website.pl\/?s={search_term_string}"},"query-input":{"@type":"PropertyValueSpecification","valueRequired":true,"valueName":"search_term_string"}}],"inLanguage":"pl-PL"},{"@type":"Organization","@id":"https:\/\/bosstal.lyk-website.pl\/#organization","name":"Bosstal","url":"https:\/\/bosstal.lyk-website.pl\/","logo":{"@type":"ImageObject","inLanguage":"pl-PL","@id":"https:\/\/bosstal.lyk-website.pl\/#\/schema\/logo\/image\/","url":"https:\/\/bosstal.lyk-website.pl\/wp-content\/uploads\/2024\/02\/bosstal-logo-e1708509050674.png","contentUrl":"https:\/\/bosstal.lyk-website.pl\/wp-content\/uploads\/2024\/02\/bosstal-logo-e1708509050674.png","width":5000,"height":666,"caption":"Bosstal"},"image":{"@id":"https:\/\/bosstal.lyk-website.pl\/#\/schema\/logo\/image\/"},"sameAs":["https:\/\/www.facebook.com\/BOSSTALgaraze\/?paipv=0&eav=AfYZ2l3-EB2evP2qFACTbJ5QDveaaanUEmyUIkHdBQqARjwa8nlwir_XJ3aC0-qB-ec&_rdr"]}]}},"_links":{"self":[{"href":"https:\/\/bosstal.lyk-website.pl\/index.php?rest_route=\/wp\/v2\/product\/32185","targetHints":{"allow":["GET"]}}],"collection":[{"href":"https:\/\/bosstal.lyk-website.pl\/index.php?rest_route=\/wp\/v2\/product"}],"about":[{"href":"https:\/\/bosstal.lyk-website.pl\/index.php?rest_route=\/wp\/v2\/types\/product"}],"replies":[{"embeddable":true,"href":"https:\/\/bosstal.lyk-website.pl\/index.php?rest_route=%2Fwp%2Fv2%2Fcomments&post=32185"}],"wp:featuredmedia":[{"embeddable":true,"href":"https:\/\/bosstal.lyk-website.pl\/index.php?rest_route=\/wp\/v2\/media\/32190"}],"wp:attachment":[{"href":"https:\/\/bosstal.lyk-website.pl\/index.php?rest_route=%2Fwp%2Fv2%2Fmedia&parent=32185"}],"wp:term":[{"taxonomy":"product_brand","embeddable":true,"href":"https:\/\/bosstal.lyk-website.pl\/index.php?rest_route=%2Fwp%2Fv2%2Fproduct_brand&post=32185"},{"taxonomy":"product_cat","embeddable":true,"href":"https:\/\/bosstal.lyk-website.pl\/index.php?rest_route=%2Fwp%2Fv2%2Fproduct_cat&post=32185"},{"taxonomy":"product_tag","embeddable":true,"href":"https:\/\/bosstal.lyk-website.pl\/index.php?rest_route=%2Fwp%2Fv2%2Fproduct_tag&post=32185"}],"curies":[{"name":"wp","href":"https:\/\/api.w.org\/{rel}","templated":true}]}}