{"id":32065,"date":"2024-03-26T11:38:14","date_gmt":"2024-03-26T10:38:14","guid":{"rendered":"https:\/\/bosstal.lyk-website.pl\/?post_type=product&#038;p=32065"},"modified":"2025-09-12T10:27:29","modified_gmt":"2025-09-12T08:27:29","slug":"pawilon-22x29","status":"publish","type":"product","link":"https:\/\/bosstal.lyk-website.pl\/?product=pawilon-22x29","title":{"rendered":"Pawilon z witrynami 6&#215;2,8"},"content":{"rendered":"<p>Pawilon mo\u017cna odebra\u0107 osobi\u015bcie.<br \/>\nPrzy dostawie naszym transportem, roz\u0142adunek jest w zakresie klienta.<br \/>\nTolerancja wymiaru pawilonu wynosi 2-5 cm.<br \/>\nProsimy o zapewnienie dojazdu dla samochodu do miejsca, gdzie b\u0119dzie roz\u0142adowany pawilon.<\/p>\n<p>Dostawa : 3 z\u0142\/km w dwie strony transport bez roz\u0142adunku, 6 z\u0142\/km w dwie strony transport i roz\u0142adunek HDS<\/p>\n","protected":false},"excerpt":{"rendered":"<h3>INFORMACJE O PAWILONIE<\/h3>\n<div class=\"custom-table-container\" style=\"overflow-x: auto;\">\n<table>\n<tbody>\n<tr>\n<th>Parametry<\/th>\n<th>Opis<\/th>\n<\/tr>\n<tr>\n<td>Wymiar<\/td>\n<td>6m szeroki, 2,80m d\u0142ugi (wymiar zewn\u0119trzny)<\/td>\n<\/tr>\n<tr>\n<td>Rodzaj p\u0142yty<\/td>\n<td>120 mm grubo\u015bci, kolor granat w 2 gatunku<\/td>\n<\/tr>\n<tr>\n<td>Okucia<\/td>\n<td>orzech<\/td>\n<\/tr>\n<tr>\n<td>Wysoko\u015b\u0107<\/td>\n<td>2,65m\/2,60m<\/td>\n<\/tr>\n<tr>\n<td>Drzwi<\/td>\n<td>100&#215;210 cm, przeszklone<\/td>\n<\/tr>\n<tr>\n<td>Elektryka<\/td>\n<td>\u00a02 x gniazdo podw\u00f3jne i 2 x o\u015bwietlenie<\/td>\n<\/tr>\n<tr>\n<td>Dodatki<\/td>\n<td>2 x witryna fix 100&#215;210 cm, lamele dekoracyjne, wentylacja grawitacyjna<\/td>\n<\/tr>\n<\/tbody>\n<\/table>\n<\/div>\n","protected":false},"featured_media":32361,"comment_status":"open","ping_status":"closed","template":"","meta":{"_acf_changed":false,"_monsterinsights_skip_tracking":false,"_monsterinsights_sitenote_active":false,"_monsterinsights_sitenote_note":"","_monsterinsights_sitenote_category":0},"product_brand":[],"product_cat":[319],"product_tag":[],"class_list":{"0":"post-32065","1":"product","2":"type-product","3":"status-publish","4":"has-post-thumbnail","6":"product_cat-pawilony-z-plyty-warstwowej","8":"first","9":"instock","10":"sale","11":"shipping-taxable","12":"purchasable","13":"product-type-simple"},"acf":[],"yoast_head":"<!-- This site is optimized with the Yoast SEO plugin v26.1.1 - https:\/\/yoast.com\/wordpress\/plugins\/seo\/ -->\n<title>Pawilon z witrynami 6x2,8 - BOSSTAL - Gara\u017ce blaszane, bramy gara\u017cowe<\/title>\n<meta name=\"description\" content=\"Pawilon wykonany z p\u0142yty PIR 100mm w II gatunku. Kolor granatowy, obr\u00f3bki grafit. Okno podawcze, drzwi, elektryka.\" \/>\n<meta name=\"robots\" content=\"index, follow, max-snippet:-1, max-image-preview:large, max-video-preview:-1\" \/>\n<link rel=\"canonical\" href=\"https:\/\/bosstal.lyk-website.pl\/produkt\/pawilon-22x29\/\" \/>\n<meta property=\"og:locale\" content=\"pl_PL\" \/>\n<meta property=\"og:type\" content=\"article\" \/>\n<meta property=\"og:title\" content=\"Pawilon z witrynami 6x2,8 - BOSSTAL - Gara\u017ce blaszane, bramy gara\u017cowe\" \/>\n<meta property=\"og:description\" content=\"Pawilon wykonany z p\u0142yty PIR 100mm w II gatunku. Kolor granatowy, obr\u00f3bki grafit. Okno podawcze, drzwi, elektryka.\" \/>\n<meta property=\"og:url\" content=\"https:\/\/bosstal.lyk-website.pl\/produkt\/pawilon-22x29\/\" \/>\n<meta property=\"og:site_name\" content=\"BOSSTAL - Gara\u017ce blaszane, bramy gara\u017cowe\" \/>\n<meta property=\"article:publisher\" content=\"https:\/\/www.facebook.com\/BOSSTALgaraze\/?paipv=0&amp;eav=AfYZ2l3-EB2evP2qFACTbJ5QDveaaanUEmyUIkHdBQqARjwa8nlwir_XJ3aC0-qB-ec&amp;_rdr\" \/>\n<meta property=\"article:modified_time\" content=\"2025-09-12T08:27:29+00:00\" \/>\n<meta property=\"og:image\" content=\"https:\/\/bosstal.lyk-website.pl\/wp-content\/uploads\/2024\/03\/Zdjecie_WhatsApp_2025-02-07_o_13.52.47_599acb65-removebg-preview.png\" \/>\n\t<meta property=\"og:image:width\" content=\"577\" \/>\n\t<meta property=\"og:image:height\" content=\"433\" \/>\n\t<meta property=\"og:image:type\" content=\"image\/png\" \/>\n<meta name=\"twitter:card\" content=\"summary_large_image\" \/>\n<meta name=\"twitter:label1\" content=\"Szacowany czas czytania\" \/>\n\t<meta name=\"twitter:data1\" content=\"1 minuta\" \/>\n<script type=\"application\/ld+json\" class=\"yoast-schema-graph\">{\"@context\":\"https:\/\/schema.org\",\"@graph\":[{\"@type\":\"WebPage\",\"@id\":\"https:\/\/bosstal.lyk-website.pl\/produkt\/pawilon-22x29\/\",\"url\":\"https:\/\/bosstal.lyk-website.pl\/produkt\/pawilon-22x29\/\",\"name\":\"Pawilon z witrynami 6x2,8 - BOSSTAL - Gara\u017ce blaszane, bramy gara\u017cowe\",\"isPartOf\":{\"@id\":\"https:\/\/bosstal.lyk-website.pl\/#website\"},\"primaryImageOfPage\":{\"@id\":\"https:\/\/bosstal.lyk-website.pl\/produkt\/pawilon-22x29\/#primaryimage\"},\"image\":{\"@id\":\"https:\/\/bosstal.lyk-website.pl\/produkt\/pawilon-22x29\/#primaryimage\"},\"thumbnailUrl\":\"https:\/\/bosstal.lyk-website.pl\/wp-content\/uploads\/2024\/03\/Zdjecie_WhatsApp_2025-02-07_o_13.52.47_599acb65-removebg-preview.png\",\"datePublished\":\"2024-03-26T10:38:14+00:00\",\"dateModified\":\"2025-09-12T08:27:29+00:00\",\"description\":\"Pawilon wykonany z p\u0142yty PIR 100mm w II gatunku. Kolor granatowy, obr\u00f3bki grafit. Okno podawcze, drzwi, elektryka.\",\"breadcrumb\":{\"@id\":\"https:\/\/bosstal.lyk-website.pl\/produkt\/pawilon-22x29\/#breadcrumb\"},\"inLanguage\":\"pl-PL\",\"potentialAction\":[{\"@type\":\"ReadAction\",\"target\":[\"https:\/\/bosstal.lyk-website.pl\/produkt\/pawilon-22x29\/\"]}]},{\"@type\":\"ImageObject\",\"inLanguage\":\"pl-PL\",\"@id\":\"https:\/\/bosstal.lyk-website.pl\/produkt\/pawilon-22x29\/#primaryimage\",\"url\":\"https:\/\/bosstal.lyk-website.pl\/wp-content\/uploads\/2024\/03\/Zdjecie_WhatsApp_2025-02-07_o_13.52.47_599acb65-removebg-preview.png\",\"contentUrl\":\"https:\/\/bosstal.lyk-website.pl\/wp-content\/uploads\/2024\/03\/Zdjecie_WhatsApp_2025-02-07_o_13.52.47_599acb65-removebg-preview.png\",\"width\":577,\"height\":433},{\"@type\":\"BreadcrumbList\",\"@id\":\"https:\/\/bosstal.lyk-website.pl\/produkt\/pawilon-22x29\/#breadcrumb\",\"itemListElement\":[{\"@type\":\"ListItem\",\"position\":1,\"name\":\"Strona g\u0142\u00f3wna\",\"item\":\"https:\/\/bosstal.lyk-website.pl\/\"},{\"@type\":\"ListItem\",\"position\":2,\"name\":\"Sklep\",\"item\":\"https:\/\/bosstal.lyk-website.pl\/?page_id=30805\"},{\"@type\":\"ListItem\",\"position\":3,\"name\":\"Pawilon z witrynami 6&#215;2,8\"}]},{\"@type\":\"WebSite\",\"@id\":\"https:\/\/bosstal.lyk-website.pl\/#website\",\"url\":\"https:\/\/bosstal.lyk-website.pl\/\",\"name\":\"BOSSTAL - Gara\u017ce blaszane, bramy gara\u017cowe\",\"description\":\"Gara\u017ce blaszane, bramy gara\u017cowe\",\"publisher\":{\"@id\":\"https:\/\/bosstal.lyk-website.pl\/#organization\"},\"potentialAction\":[{\"@type\":\"SearchAction\",\"target\":{\"@type\":\"EntryPoint\",\"urlTemplate\":\"https:\/\/bosstal.lyk-website.pl\/?s={search_term_string}\"},\"query-input\":{\"@type\":\"PropertyValueSpecification\",\"valueRequired\":true,\"valueName\":\"search_term_string\"}}],\"inLanguage\":\"pl-PL\"},{\"@type\":\"Organization\",\"@id\":\"https:\/\/bosstal.lyk-website.pl\/#organization\",\"name\":\"Bosstal\",\"url\":\"https:\/\/bosstal.lyk-website.pl\/\",\"logo\":{\"@type\":\"ImageObject\",\"inLanguage\":\"pl-PL\",\"@id\":\"https:\/\/bosstal.lyk-website.pl\/#\/schema\/logo\/image\/\",\"url\":\"https:\/\/bosstal.lyk-website.pl\/wp-content\/uploads\/2024\/02\/bosstal-logo-e1708509050674.png\",\"contentUrl\":\"https:\/\/bosstal.lyk-website.pl\/wp-content\/uploads\/2024\/02\/bosstal-logo-e1708509050674.png\",\"width\":5000,\"height\":666,\"caption\":\"Bosstal\"},\"image\":{\"@id\":\"https:\/\/bosstal.lyk-website.pl\/#\/schema\/logo\/image\/\"},\"sameAs\":[\"https:\/\/www.facebook.com\/BOSSTALgaraze\/?paipv=0&eav=AfYZ2l3-EB2evP2qFACTbJ5QDveaaanUEmyUIkHdBQqARjwa8nlwir_XJ3aC0-qB-ec&_rdr\"]}]}<\/script>\n<!-- \/ Yoast SEO plugin. -->","yoast_head_json":{"title":"Pawilon z witrynami 6x2,8 - BOSSTAL - Gara\u017ce blaszane, bramy gara\u017cowe","description":"Pawilon wykonany z p\u0142yty PIR 100mm w II gatunku. Kolor granatowy, obr\u00f3bki grafit. Okno podawcze, drzwi, elektryka.","robots":{"index":"index","follow":"follow","max-snippet":"max-snippet:-1","max-image-preview":"max-image-preview:large","max-video-preview":"max-video-preview:-1"},"canonical":"https:\/\/bosstal.lyk-website.pl\/produkt\/pawilon-22x29\/","og_locale":"pl_PL","og_type":"article","og_title":"Pawilon z witrynami 6x2,8 - BOSSTAL - Gara\u017ce blaszane, bramy gara\u017cowe","og_description":"Pawilon wykonany z p\u0142yty PIR 100mm w II gatunku. Kolor granatowy, obr\u00f3bki grafit. Okno podawcze, drzwi, elektryka.","og_url":"https:\/\/bosstal.lyk-website.pl\/produkt\/pawilon-22x29\/","og_site_name":"BOSSTAL - Gara\u017ce blaszane, bramy gara\u017cowe","article_publisher":"https:\/\/www.facebook.com\/BOSSTALgaraze\/?paipv=0&eav=AfYZ2l3-EB2evP2qFACTbJ5QDveaaanUEmyUIkHdBQqARjwa8nlwir_XJ3aC0-qB-ec&_rdr","article_modified_time":"2025-09-12T08:27:29+00:00","og_image":[{"width":577,"height":433,"url":"https:\/\/bosstal.lyk-website.pl\/wp-content\/uploads\/2024\/03\/Zdjecie_WhatsApp_2025-02-07_o_13.52.47_599acb65-removebg-preview.png","type":"image\/png"}],"twitter_card":"summary_large_image","twitter_misc":{"Szacowany czas czytania":"1 minuta"},"schema":{"@context":"https:\/\/schema.org","@graph":[{"@type":"WebPage","@id":"https:\/\/bosstal.lyk-website.pl\/produkt\/pawilon-22x29\/","url":"https:\/\/bosstal.lyk-website.pl\/produkt\/pawilon-22x29\/","name":"Pawilon z witrynami 6x2,8 - BOSSTAL - Gara\u017ce blaszane, bramy gara\u017cowe","isPartOf":{"@id":"https:\/\/bosstal.lyk-website.pl\/#website"},"primaryImageOfPage":{"@id":"https:\/\/bosstal.lyk-website.pl\/produkt\/pawilon-22x29\/#primaryimage"},"image":{"@id":"https:\/\/bosstal.lyk-website.pl\/produkt\/pawilon-22x29\/#primaryimage"},"thumbnailUrl":"https:\/\/bosstal.lyk-website.pl\/wp-content\/uploads\/2024\/03\/Zdjecie_WhatsApp_2025-02-07_o_13.52.47_599acb65-removebg-preview.png","datePublished":"2024-03-26T10:38:14+00:00","dateModified":"2025-09-12T08:27:29+00:00","description":"Pawilon wykonany z p\u0142yty PIR 100mm w II gatunku. Kolor granatowy, obr\u00f3bki grafit. Okno podawcze, drzwi, elektryka.","breadcrumb":{"@id":"https:\/\/bosstal.lyk-website.pl\/produkt\/pawilon-22x29\/#breadcrumb"},"inLanguage":"pl-PL","potentialAction":[{"@type":"ReadAction","target":["https:\/\/bosstal.lyk-website.pl\/produkt\/pawilon-22x29\/"]}]},{"@type":"ImageObject","inLanguage":"pl-PL","@id":"https:\/\/bosstal.lyk-website.pl\/produkt\/pawilon-22x29\/#primaryimage","url":"https:\/\/bosstal.lyk-website.pl\/wp-content\/uploads\/2024\/03\/Zdjecie_WhatsApp_2025-02-07_o_13.52.47_599acb65-removebg-preview.png","contentUrl":"https:\/\/bosstal.lyk-website.pl\/wp-content\/uploads\/2024\/03\/Zdjecie_WhatsApp_2025-02-07_o_13.52.47_599acb65-removebg-preview.png","width":577,"height":433},{"@type":"BreadcrumbList","@id":"https:\/\/bosstal.lyk-website.pl\/produkt\/pawilon-22x29\/#breadcrumb","itemListElement":[{"@type":"ListItem","position":1,"name":"Strona g\u0142\u00f3wna","item":"https:\/\/bosstal.lyk-website.pl\/"},{"@type":"ListItem","position":2,"name":"Sklep","item":"https:\/\/bosstal.lyk-website.pl\/?page_id=30805"},{"@type":"ListItem","position":3,"name":"Pawilon z witrynami 6&#215;2,8"}]},{"@type":"WebSite","@id":"https:\/\/bosstal.lyk-website.pl\/#website","url":"https:\/\/bosstal.lyk-website.pl\/","name":"BOSSTAL - Gara\u017ce blaszane, bramy gara\u017cowe","description":"Gara\u017ce blaszane, bramy gara\u017cowe","publisher":{"@id":"https:\/\/bosstal.lyk-website.pl\/#organization"},"potentialAction":[{"@type":"SearchAction","target":{"@type":"EntryPoint","urlTemplate":"https:\/\/bosstal.lyk-website.pl\/?s={search_term_string}"},"query-input":{"@type":"PropertyValueSpecification","valueRequired":true,"valueName":"search_term_string"}}],"inLanguage":"pl-PL"},{"@type":"Organization","@id":"https:\/\/bosstal.lyk-website.pl\/#organization","name":"Bosstal","url":"https:\/\/bosstal.lyk-website.pl\/","logo":{"@type":"ImageObject","inLanguage":"pl-PL","@id":"https:\/\/bosstal.lyk-website.pl\/#\/schema\/logo\/image\/","url":"https:\/\/bosstal.lyk-website.pl\/wp-content\/uploads\/2024\/02\/bosstal-logo-e1708509050674.png","contentUrl":"https:\/\/bosstal.lyk-website.pl\/wp-content\/uploads\/2024\/02\/bosstal-logo-e1708509050674.png","width":5000,"height":666,"caption":"Bosstal"},"image":{"@id":"https:\/\/bosstal.lyk-website.pl\/#\/schema\/logo\/image\/"},"sameAs":["https:\/\/www.facebook.com\/BOSSTALgaraze\/?paipv=0&eav=AfYZ2l3-EB2evP2qFACTbJ5QDveaaanUEmyUIkHdBQqARjwa8nlwir_XJ3aC0-qB-ec&_rdr"]}]}},"_links":{"self":[{"href":"https:\/\/bosstal.lyk-website.pl\/index.php?rest_route=\/wp\/v2\/product\/32065","targetHints":{"allow":["GET"]}}],"collection":[{"href":"https:\/\/bosstal.lyk-website.pl\/index.php?rest_route=\/wp\/v2\/product"}],"about":[{"href":"https:\/\/bosstal.lyk-website.pl\/index.php?rest_route=\/wp\/v2\/types\/product"}],"replies":[{"embeddable":true,"href":"https:\/\/bosstal.lyk-website.pl\/index.php?rest_route=%2Fwp%2Fv2%2Fcomments&post=32065"}],"wp:featuredmedia":[{"embeddable":true,"href":"https:\/\/bosstal.lyk-website.pl\/index.php?rest_route=\/wp\/v2\/media\/32361"}],"wp:attachment":[{"href":"https:\/\/bosstal.lyk-website.pl\/index.php?rest_route=%2Fwp%2Fv2%2Fmedia&parent=32065"}],"wp:term":[{"taxonomy":"product_brand","embeddable":true,"href":"https:\/\/bosstal.lyk-website.pl\/index.php?rest_route=%2Fwp%2Fv2%2Fproduct_brand&post=32065"},{"taxonomy":"product_cat","embeddable":true,"href":"https:\/\/bosstal.lyk-website.pl\/index.php?rest_route=%2Fwp%2Fv2%2Fproduct_cat&post=32065"},{"taxonomy":"product_tag","embeddable":true,"href":"https:\/\/bosstal.lyk-website.pl\/index.php?rest_route=%2Fwp%2Fv2%2Fproduct_tag&post=32065"}],"curies":[{"name":"wp","href":"https:\/\/api.w.org\/{rel}","templated":true}]}}