{"id":1453,"date":"2020-04-30T11:12:41","date_gmt":"2020-04-30T11:12:41","guid":{"rendered":"https:\/\/bosstal.lyk-website.pl\/?page_id=1453"},"modified":"2025-05-30T00:09:31","modified_gmt":"2025-05-29T22:09:31","slug":"kontakt","status":"publish","type":"page","link":"https:\/\/bosstal.lyk-website.pl\/?page_id=1453","title":{"rendered":"Kontakt"},"content":{"rendered":"\t\t<div data-elementor-type=\"wp-page\" data-elementor-id=\"1453\" class=\"elementor elementor-1453\" data-elementor-post-type=\"page\">\n\t\t\t\t\t\t<section class=\"elementor-section elementor-top-section elementor-element elementor-element-6c7c8c8 elementor-section-boxed elementor-section-height-default elementor-section-height-default sc_fly_static\" data-id=\"6c7c8c8\" data-element_type=\"section\" data-settings=\"{&quot;background_background&quot;:&quot;classic&quot;}\">\n\t\t\t\t\t\t<div class=\"elementor-container elementor-column-gap-no\">\n\t\t\t\t\t<div class=\"elementor-column elementor-col-100 elementor-top-column elementor-element elementor-element-b959d1f sc_content_align_inherit sc_layouts_column_icons_position_left sc_fly_static\" data-id=\"b959d1f\" data-element_type=\"column\">\n\t\t\t<div class=\"elementor-widget-wrap elementor-element-populated\">\n\t\t\t\t\t\t<div class=\"elementor-element elementor-element-e32bc46 sc_height_huge sc_fly_static elementor-widget elementor-widget-spacer\" data-id=\"e32bc46\" data-element_type=\"widget\" data-widget_type=\"spacer.default\">\n\t\t\t\t<div class=\"elementor-widget-container\">\n\t\t\t\t\t\t\t<div class=\"elementor-spacer\">\n\t\t\t<div class=\"elementor-spacer-inner\"><\/div>\n\t\t<\/div>\n\t\t\t\t\t\t<\/div>\n\t\t\t\t<\/div>\n\t\t\t\t<section data-animation-type=\"block\" class=\"elementor-section elementor-inner-section elementor-element elementor-element-a6b4fc0 elementor-section-boxed elementor-section-height-default elementor-section-height-default animation_type_block sc_fly_static elementor-invisible\" data-id=\"a6b4fc0\" data-element_type=\"section\" data-settings=\"{&quot;animation&quot;:&quot;detailx-fadein&quot;}\">\n\t\t\t\t\t\t<div class=\"elementor-container elementor-column-gap-no\">\n\t\t\t\t\t<div class=\"elementor-column elementor-col-50 elementor-inner-column elementor-element elementor-element-e6b955b sc_content_align_inherit sc_layouts_column_icons_position_left sc_fly_static\" data-id=\"e6b955b\" data-element_type=\"column\">\n\t\t\t<div class=\"elementor-widget-wrap elementor-element-populated\">\n\t\t\t\t\t\t<div class=\"elementor-element elementor-element-328c18e sc_fly_static elementor-widget elementor-widget-trx_sc_title\" data-id=\"328c18e\" data-element_type=\"widget\" data-widget_type=\"trx_sc_title.default\">\n\t\t\t\t<div class=\"elementor-widget-container\">\n\t\t\t\t\t<div\t\tclass=\"sc_title sc_title_default\" ><span class=\"sc_item_subtitle sc_title_subtitle sc_item_subtitle_above sc_item_title_style_default\">Kontakt<\/span><h1 class=\"sc_item_title sc_title_title sc_item_title_style_default sc_item_title_tag\"\n\t\t\t><span class=\"sc_item_title_text\">Masz pytania? <br> Skontaktuj si\u0119<\/span><\/h1><\/div>\t\t\t\t<\/div>\n\t\t\t\t<\/div>\n\t\t\t\t<div class=\"elementor-element elementor-element-e897b27 sc_fly_static elementor-widget elementor-widget-spacer\" data-id=\"e897b27\" data-element_type=\"widget\" data-widget_type=\"spacer.default\">\n\t\t\t\t<div class=\"elementor-widget-container\">\n\t\t\t\t\t\t\t<div class=\"elementor-spacer\">\n\t\t\t<div class=\"elementor-spacer-inner\"><\/div>\n\t\t<\/div>\n\t\t\t\t\t\t<\/div>\n\t\t\t\t<\/div>\n\t\t\t\t<div class=\"elementor-element elementor-element-741a1f5 sc_fly_static elementor-widget elementor-widget-text-editor\" data-id=\"741a1f5\" data-element_type=\"widget\" data-widget_type=\"text-editor.default\">\n\t\t\t\t<div class=\"elementor-widget-container\">\n\t\t\t\t\t\t\t\t\t<p>BOSSTAL to producent gara\u017cy blaszanych i bram gara\u017cowych.<\/p>\t\t\t\t\t\t\t\t<\/div>\n\t\t\t\t<\/div>\n\t\t\t\t<div class=\"elementor-element elementor-element-e59232f sc_fly_static elementor-widget elementor-widget-spacer\" data-id=\"e59232f\" data-element_type=\"widget\" data-widget_type=\"spacer.default\">\n\t\t\t\t<div class=\"elementor-widget-container\">\n\t\t\t\t\t\t\t<div class=\"elementor-spacer\">\n\t\t\t<div class=\"elementor-spacer-inner\"><\/div>\n\t\t<\/div>\n\t\t\t\t\t\t<\/div>\n\t\t\t\t<\/div>\n\t\t\t\t<div class=\"elementor-element elementor-element-c7debea sc_fly_static elementor-widget elementor-widget-trx_sc_icons\" data-id=\"c7debea\" data-element_type=\"widget\" data-widget_type=\"trx_sc_icons.default\">\n\t\t\t\t<div class=\"elementor-widget-container\">\n\t\t\t\t\t<div \tclass=\"sc_icons sc_icons_simple sc_icons_size_small sc_align_none\" ><div class=\"sc_icons_item with_more\"><div class=\"sc_icons_icon sc_icon_type_ icon-marker\" style=\"color: #EA0A0B\" ><span class=\"sc_icon_type_ icon-marker\" style=\"color: #EA0A0B\"><\/span><\/div><div class=\"sc_icons_item_details\"><div class=\"sc_icons_item_description\"><span><b>Biuro:<\/b> ul. Legion\u00f3w 122 D, 26-110 Skar\u017cysko-Kamienna<\/span><span><\/span><\/div><\/div><\/div><div class=\"sc_icons_item with_more\"><div class=\"sc_icons_icon sc_icon_type_ icon-marker\" style=\"color: #EA0A0B\" ><span class=\"sc_icon_type_ icon-marker\" style=\"color: #EA0A0B\"><\/span><\/div><div class=\"sc_icons_item_details\"><div class=\"sc_icons_item_description\"><span><b>Magazyn:<\/b> ul. 3 maja 88, 26-110 Skar\u017cysko-Kamienna<\/span><\/div><\/div><\/div><div class=\"sc_icons_item sc_icons_item_linked with_more\"><div class=\"sc_icons_icon sc_icon_type_ icon-iphone\" style=\"color: #EA0A0B\" ><span class=\"sc_icon_type_ icon-iphone\" style=\"color: #EA0A0B\"><\/span><\/div><div class=\"sc_icons_item_details\"><a href=\"tel:888600330\" class=\"sc_icons_item_more_link\">\r\n                        <span class=\"link_text\">+48 888 600 330<\/span><span class=\"link_icon\"><\/span>\r\n                        <\/a><a href=\"tel:888600330\"\r\n                        class=\"sc_icons_item_link\">\r\n                        <\/a><\/div><\/div><div class=\"sc_icons_item sc_icons_item_linked with_more\"><div class=\"sc_icons_icon sc_icon_type_ icon-iphone\" style=\"color: #EA0A0B\" ><span class=\"sc_icon_type_ icon-iphone\" style=\"color: #EA0A0B\"><\/span><\/div><div class=\"sc_icons_item_details\"><a href=\"tel:500393800\" class=\"sc_icons_item_more_link\">\r\n                        <span class=\"link_text\">+48 500 393 800<\/span><span class=\"link_icon\"><\/span>\r\n                        <\/a><a href=\"tel:500393800\"\r\n                        class=\"sc_icons_item_link\">\r\n                        <\/a><\/div><\/div><div class=\"sc_icons_item with_more\"><div class=\"sc_icons_icon sc_icon_type_ icon-envelope-2\" style=\"color: #EA0A0B\" ><span class=\"sc_icon_type_ icon-envelope-2\" style=\"color: #EA0A0B\"><\/span><\/div><div class=\"sc_icons_item_details\"><div class=\"sc_icons_item_description\"><span><a href=\"mailto:biuro@bosstal.lyk-website.pl\">biuro@bosstal.lyk-website.pl<\/a><\/span><\/div><\/div><\/div><\/div><!-- \/.sc_icons -->\t\t\t\t<\/div>\n\t\t\t\t<\/div>\n\t\t\t\t\t<\/div>\n\t\t<\/div>\n\t\t\t\t<div class=\"elementor-column elementor-col-50 elementor-inner-column elementor-element elementor-element-70d4d2a sc_content_align_inherit sc_layouts_column_icons_position_left sc_fly_static\" data-id=\"70d4d2a\" data-element_type=\"column\">\n\t\t\t<div class=\"elementor-widget-wrap elementor-element-populated\">\n\t\t\t\t\t\t<div class=\"elementor-element elementor-element-4a945df sc_fly_static elementor-widget elementor-widget-spacer\" data-id=\"4a945df\" data-element_type=\"widget\" data-widget_type=\"spacer.default\">\n\t\t\t\t<div class=\"elementor-widget-container\">\n\t\t\t\t\t\t\t<div class=\"elementor-spacer\">\n\t\t\t<div class=\"elementor-spacer-inner\"><\/div>\n\t\t<\/div>\n\t\t\t\t\t\t<\/div>\n\t\t\t\t<\/div>\n\t\t\t\t<div class=\"elementor-element elementor-element-ef1d876 sc_fly_static elementor-widget elementor-widget-trx_sc_contact_form_7\" data-id=\"ef1d876\" data-element_type=\"widget\" data-widget_type=\"trx_sc_contact_form_7.default\">\n\t\t\t\t<div class=\"elementor-widget-container\">\n\t\t\t\t\t\n<div class=\"wpcf7 no-js\" id=\"wpcf7-f32383-o1\" lang=\"pl-PL\" dir=\"ltr\" data-wpcf7-id=\"32383\">\n<div class=\"screen-reader-response\"><p role=\"status\" aria-live=\"polite\" aria-atomic=\"true\"><\/p> <ul><\/ul><\/div>\n<form action=\"\/index.php?rest_route=%2Fwp%2Fv2%2Fpages%2F1453#wpcf7-f32383-o1\" method=\"post\" class=\"wpcf7-form init\" aria-label=\"Formularz kontaktowy\" novalidate=\"novalidate\" data-status=\"init\">\n<fieldset class=\"hidden-fields-container\"><input type=\"hidden\" name=\"_wpcf7\" value=\"32383\" \/><input type=\"hidden\" name=\"_wpcf7_version\" value=\"6.1.2\" \/><input type=\"hidden\" name=\"_wpcf7_locale\" value=\"pl_PL\" \/><input type=\"hidden\" name=\"_wpcf7_unit_tag\" value=\"wpcf7-f32383-o1\" \/><input type=\"hidden\" name=\"_wpcf7_container_post\" value=\"0\" \/><input type=\"hidden\" name=\"_wpcf7_posted_data_hash\" value=\"\" \/><input type=\"hidden\" name=\"_wpcf7_recaptcha_response\" value=\"\" \/>\n<\/fieldset>\n<div class=\"form-style-3\">\n\t<div class=\"columns_wrap\">\n\t\t<div class=\"column-1_2\">\n\t\t\t<p><span class=\"style-line icon-name\"><span class=\"wpcf7-form-control-wrap\" data-name=\"your-name\"><input size=\"40\" maxlength=\"400\" class=\"wpcf7-form-control wpcf7-text wpcf7-validates-as-required\" aria-required=\"true\" aria-invalid=\"false\" placeholder=\"Imi\u0119\" value=\"\" type=\"text\" name=\"your-name\" \/><\/span><\/span>\n\t\t\t<\/p>\n\t\t<\/div>\n\t\t<div class=\"column-1_2\">\n\t\t\t<p><span class=\"style-line icon-email\"><span class=\"wpcf7-form-control-wrap\" data-name=\"your-email\"><input size=\"40\" maxlength=\"400\" class=\"wpcf7-form-control wpcf7-email wpcf7-validates-as-required wpcf7-text wpcf7-validates-as-email\" aria-required=\"true\" aria-invalid=\"false\" placeholder=\"Adres email\" value=\"\" type=\"email\" name=\"your-email\" \/><\/span><\/span>\n\t\t\t<\/p>\n\t\t<\/div>\n\t<\/div>\n\t<div class=\"columns_wrap\">\n\t\t<div class=\"column-1_2\">\n\t\t\t<p><span class=\"style-line icon-phone\"><span class=\"wpcf7-form-control-wrap\" data-name=\"phone\"><input size=\"40\" maxlength=\"400\" class=\"wpcf7-form-control wpcf7-tel wpcf7-validates-as-required wpcf7-text wpcf7-validates-as-tel\" aria-required=\"true\" aria-invalid=\"false\" placeholder=\"Telefon\" value=\"\" type=\"tel\" name=\"phone\" \/><\/span><\/span>\n\t\t\t<\/p>\n\t\t<\/div>\n\t\t<div class=\"column-1_2\">\n\t\t\t<p><span class=\"style-line icon-subject\"><span class=\"wpcf7-form-control-wrap\" data-name=\"subject\"><input size=\"40\" maxlength=\"400\" class=\"wpcf7-form-control wpcf7-text wpcf7-validates-as-required\" aria-required=\"true\" aria-invalid=\"false\" placeholder=\"Temat\" value=\"\" type=\"text\" name=\"subject\" \/><\/span><\/span>\n\t\t\t<\/p>\n\t\t<\/div>\n\t<\/div>\n\t<div class=\"columns_wrap margin-bottom\">\n\t\t<div class=\"column-1_1\">\n\t\t\t<p><span class=\"style-line icon-textarea\"><span class=\"wpcf7-form-control-wrap\" data-name=\"your-message\"><textarea cols=\"40\" rows=\"10\" maxlength=\"2000\" class=\"wpcf7-form-control wpcf7-textarea wpcf7-validates-as-required\" aria-required=\"true\" aria-invalid=\"false\" placeholder=\"Jak mo\u017cemy Ci pom\u00f3c? Pytaj!\" name=\"your-message\"><\/textarea><\/span><\/span>\n\t\t\t<\/p>\n\t\t<\/div>\n\t<\/div>\n\t<p><input class=\"wpcf7-form-control wpcf7-submit has-spinner\" type=\"submit\" value=\"Wy\u015blij\" \/><span class=\"wpcf7-form-control-wrap\" data-name=\"acceptance\"><span class=\"wpcf7-form-control wpcf7-acceptance\"><span class=\"wpcf7-list-item\"><label><input type=\"checkbox\" name=\"acceptance\" value=\"1\" aria-invalid=\"false\" \/><span class=\"wpcf7-list-item-label\">Zgadzam si\u0119 z <a href=\"\/polityka-prywatnosci\/\">Polityk\u0105 prywatno\u015bci<\/a>.<\/span><\/label><\/span><\/span><\/span>\n\t<\/p>\n<\/div><div class=\"wpcf7-response-output\" aria-hidden=\"true\"><\/div>\n<\/form>\n<\/div>\n\t\t\t\t<\/div>\n\t\t\t\t<\/div>\n\t\t\t\t\t<\/div>\n\t\t<\/div>\n\t\t\t\t\t<\/div>\n\t\t<\/section>\n\t\t\t\t<div class=\"elementor-element elementor-element-6abefd5 sc_height_huge sc_fly_static elementor-widget elementor-widget-spacer\" data-id=\"6abefd5\" data-element_type=\"widget\" data-widget_type=\"spacer.default\">\n\t\t\t\t<div class=\"elementor-widget-container\">\n\t\t\t\t\t\t\t<div class=\"elementor-spacer\">\n\t\t\t<div class=\"elementor-spacer-inner\"><\/div>\n\t\t<\/div>\n\t\t\t\t\t\t<\/div>\n\t\t\t\t<\/div>\n\t\t\t\t\t<\/div>\n\t\t<\/div>\n\t\t\t\t\t<\/div>\n\t\t<\/section>\n\t\t\t\t<section class=\"elementor-section elementor-top-section elementor-element elementor-element-b35b84a elementor-section-full_width elementor-section-height-default elementor-section-height-default sc_fly_static\" data-id=\"b35b84a\" data-element_type=\"section\" data-settings=\"{&quot;background_background&quot;:&quot;classic&quot;}\">\n\t\t\t\t\t\t<div class=\"elementor-container elementor-column-gap-no\">\n\t\t\t\t\t<div class=\"elementor-column elementor-col-100 elementor-top-column elementor-element elementor-element-d92b45a sc_content_align_inherit sc_layouts_column_icons_position_left sc_fly_static\" data-id=\"d92b45a\" data-element_type=\"column\">\n\t\t\t<div class=\"elementor-widget-wrap elementor-element-populated\">\n\t\t\t\t\t\t<div class=\"elementor-element elementor-element-0a4c225 sc_fly_static elementor-widget elementor-widget-trx_sc_googlemap\" data-id=\"0a4c225\" data-element_type=\"widget\" data-widget_type=\"trx_sc_googlemap.default\">\n\t\t\t\t<div class=\"elementor-widget-container\">\n\t\t\t\t\t<div id=\"sc_googlemap_1549805445_wrap\" class=\"sc_googlemap_wrap\"><div id=\"sc_googlemap_1549805445\"\t\t\tclass=\"sc_item_content sc_map sc_googlemap sc_googlemap_default trx_addons_inline_1975191737\"\n\t\t\t \t\t\tdata-zoom=\"14\"\n\t\t\tdata-center=\"\"\n\t\t\tdata-style=\"extra\"\n\t\t\tdata-map-id=\"\"\n\t\t\tdata-cluster-icon=\"\"\n\t\t\t><iframe\n\t\t\t\t\t\tsrc=\"https:\/\/maps.google.com\/maps?t=m&output=embed&iwloc=near&z=14&q=+ul.+3+maja+88+26-110+Skar%C5%BCysko-Kamienna\"\n\t\t\t\t\t\taria-label=\"\"><\/iframe><\/div><\/div>\t\t\t\t<\/div>\n\t\t\t\t<\/div>\n\t\t\t\t\t<\/div>\n\t\t<\/div>\n\t\t\t\t\t<\/div>\n\t\t<\/section>\n\t\t\t\t<\/div>\n\t\t","protected":false},"excerpt":{"rendered":"<p>Kontakt Masz pytania? Skontaktuj si\u0119 BOSSTAL to producent gara\u017cy blaszanych i bram gara\u017cowych. Biuro: ul. Legion\u00f3w 122 D, 26-110 Skar\u017cysko-KamiennaMagazyn: ul. 3 maja 88, 26-110 Skar\u017cysko-Kamienna +48 888 600 330&hellip;<\/p>\n","protected":false},"author":1,"featured_media":0,"parent":0,"menu_order":0,"comment_status":"closed","ping_status":"closed","template":"","meta":{"_acf_changed":false,"_monsterinsights_skip_tracking":false,"_monsterinsights_sitenote_active":false,"_monsterinsights_sitenote_note":"","_monsterinsights_sitenote_category":0,"footnotes":""},"class_list":["post-1453","page","type-page","status-publish","hentry"],"acf":[],"yoast_head":"<!-- This site is optimized with the Yoast SEO plugin v26.1.1 - https:\/\/yoast.com\/wordpress\/plugins\/seo\/ -->\n<title>Kontakt - BOSSTAL - Gara\u017ce blaszane, bramy gara\u017cowe<\/title>\n<meta name=\"description\" content=\"BOSSTAL to producent gara\u017cy blaszanych i bram gara\u017cowych. Skontaktuj si\u0119 z nami i uzyskaj odpowiedzi na wszelkie pytania\" \/>\n<meta name=\"robots\" content=\"index, follow, max-snippet:-1, max-image-preview:large, max-video-preview:-1\" \/>\n<link rel=\"canonical\" href=\"https:\/\/bosstal.lyk-website.pl\/?page_id=1453\" \/>\n<meta property=\"og:locale\" content=\"pl_PL\" \/>\n<meta property=\"og:type\" content=\"article\" \/>\n<meta property=\"og:title\" content=\"Kontakt - BOSSTAL - Gara\u017ce blaszane, bramy gara\u017cowe\" \/>\n<meta property=\"og:description\" content=\"BOSSTAL to producent gara\u017cy blaszanych i bram gara\u017cowych. Skontaktuj si\u0119 z nami i uzyskaj odpowiedzi na wszelkie pytania\" \/>\n<meta property=\"og:url\" content=\"https:\/\/bosstal.lyk-website.pl\/?page_id=1453\" \/>\n<meta property=\"og:site_name\" content=\"BOSSTAL - Gara\u017ce blaszane, bramy gara\u017cowe\" \/>\n<meta property=\"article:publisher\" content=\"https:\/\/www.facebook.com\/BOSSTALgaraze\/?paipv=0&amp;eav=AfYZ2l3-EB2evP2qFACTbJ5QDveaaanUEmyUIkHdBQqARjwa8nlwir_XJ3aC0-qB-ec&amp;_rdr\" \/>\n<meta property=\"article:modified_time\" content=\"2025-05-29T22:09:31+00:00\" \/>\n<meta name=\"twitter:card\" content=\"summary_large_image\" \/>\n<meta name=\"twitter:label1\" content=\"Szacowany czas czytania\" \/>\n\t<meta name=\"twitter:data1\" content=\"1 minuta\" \/>\n<script type=\"application\/ld+json\" class=\"yoast-schema-graph\">{\"@context\":\"https:\/\/schema.org\",\"@graph\":[{\"@type\":\"WebPage\",\"@id\":\"https:\/\/bosstal.lyk-website.pl\/?page_id=1453\",\"url\":\"https:\/\/bosstal.lyk-website.pl\/?page_id=1453\",\"name\":\"Kontakt - BOSSTAL - Gara\u017ce blaszane, bramy gara\u017cowe\",\"isPartOf\":{\"@id\":\"https:\/\/bosstal.lyk-website.pl\/#website\"},\"datePublished\":\"2020-04-30T11:12:41+00:00\",\"dateModified\":\"2025-05-29T22:09:31+00:00\",\"description\":\"BOSSTAL to producent gara\u017cy blaszanych i bram gara\u017cowych. Skontaktuj si\u0119 z nami i uzyskaj odpowiedzi na wszelkie pytania\",\"breadcrumb\":{\"@id\":\"https:\/\/bosstal.lyk-website.pl\/?page_id=1453#breadcrumb\"},\"inLanguage\":\"pl-PL\",\"potentialAction\":[{\"@type\":\"ReadAction\",\"target\":[\"https:\/\/bosstal.lyk-website.pl\/?page_id=1453\"]}]},{\"@type\":\"BreadcrumbList\",\"@id\":\"https:\/\/bosstal.lyk-website.pl\/?page_id=1453#breadcrumb\",\"itemListElement\":[{\"@type\":\"ListItem\",\"position\":1,\"name\":\"Strona g\u0142\u00f3wna\",\"item\":\"https:\/\/bosstal.lyk-website.pl\/\"},{\"@type\":\"ListItem\",\"position\":2,\"name\":\"Kontakt\"}]},{\"@type\":\"WebSite\",\"@id\":\"https:\/\/bosstal.lyk-website.pl\/#website\",\"url\":\"https:\/\/bosstal.lyk-website.pl\/\",\"name\":\"BOSSTAL - Gara\u017ce blaszane, bramy gara\u017cowe\",\"description\":\"Gara\u017ce blaszane, bramy gara\u017cowe\",\"publisher\":{\"@id\":\"https:\/\/bosstal.lyk-website.pl\/#organization\"},\"potentialAction\":[{\"@type\":\"SearchAction\",\"target\":{\"@type\":\"EntryPoint\",\"urlTemplate\":\"https:\/\/bosstal.lyk-website.pl\/?s={search_term_string}\"},\"query-input\":{\"@type\":\"PropertyValueSpecification\",\"valueRequired\":true,\"valueName\":\"search_term_string\"}}],\"inLanguage\":\"pl-PL\"},{\"@type\":\"Organization\",\"@id\":\"https:\/\/bosstal.lyk-website.pl\/#organization\",\"name\":\"Bosstal\",\"url\":\"https:\/\/bosstal.lyk-website.pl\/\",\"logo\":{\"@type\":\"ImageObject\",\"inLanguage\":\"pl-PL\",\"@id\":\"https:\/\/bosstal.lyk-website.pl\/#\/schema\/logo\/image\/\",\"url\":\"https:\/\/bosstal.lyk-website.pl\/wp-content\/uploads\/2024\/02\/bosstal-logo-e1708509050674.png\",\"contentUrl\":\"https:\/\/bosstal.lyk-website.pl\/wp-content\/uploads\/2024\/02\/bosstal-logo-e1708509050674.png\",\"width\":5000,\"height\":666,\"caption\":\"Bosstal\"},\"image\":{\"@id\":\"https:\/\/bosstal.lyk-website.pl\/#\/schema\/logo\/image\/\"},\"sameAs\":[\"https:\/\/www.facebook.com\/BOSSTALgaraze\/?paipv=0&eav=AfYZ2l3-EB2evP2qFACTbJ5QDveaaanUEmyUIkHdBQqARjwa8nlwir_XJ3aC0-qB-ec&_rdr\"]}]}<\/script>\n<!-- \/ Yoast SEO plugin. -->","yoast_head_json":{"title":"Kontakt - BOSSTAL - Gara\u017ce blaszane, bramy gara\u017cowe","description":"BOSSTAL to producent gara\u017cy blaszanych i bram gara\u017cowych. Skontaktuj si\u0119 z nami i uzyskaj odpowiedzi na wszelkie pytania","robots":{"index":"index","follow":"follow","max-snippet":"max-snippet:-1","max-image-preview":"max-image-preview:large","max-video-preview":"max-video-preview:-1"},"canonical":"https:\/\/bosstal.lyk-website.pl\/?page_id=1453","og_locale":"pl_PL","og_type":"article","og_title":"Kontakt - BOSSTAL - Gara\u017ce blaszane, bramy gara\u017cowe","og_description":"BOSSTAL to producent gara\u017cy blaszanych i bram gara\u017cowych. Skontaktuj si\u0119 z nami i uzyskaj odpowiedzi na wszelkie pytania","og_url":"https:\/\/bosstal.lyk-website.pl\/?page_id=1453","og_site_name":"BOSSTAL - Gara\u017ce blaszane, bramy gara\u017cowe","article_publisher":"https:\/\/www.facebook.com\/BOSSTALgaraze\/?paipv=0&eav=AfYZ2l3-EB2evP2qFACTbJ5QDveaaanUEmyUIkHdBQqARjwa8nlwir_XJ3aC0-qB-ec&_rdr","article_modified_time":"2025-05-29T22:09:31+00:00","twitter_card":"summary_large_image","twitter_misc":{"Szacowany czas czytania":"1 minuta"},"schema":{"@context":"https:\/\/schema.org","@graph":[{"@type":"WebPage","@id":"https:\/\/bosstal.lyk-website.pl\/?page_id=1453","url":"https:\/\/bosstal.lyk-website.pl\/?page_id=1453","name":"Kontakt - BOSSTAL - Gara\u017ce blaszane, bramy gara\u017cowe","isPartOf":{"@id":"https:\/\/bosstal.lyk-website.pl\/#website"},"datePublished":"2020-04-30T11:12:41+00:00","dateModified":"2025-05-29T22:09:31+00:00","description":"BOSSTAL to producent gara\u017cy blaszanych i bram gara\u017cowych. Skontaktuj si\u0119 z nami i uzyskaj odpowiedzi na wszelkie pytania","breadcrumb":{"@id":"https:\/\/bosstal.lyk-website.pl\/?page_id=1453#breadcrumb"},"inLanguage":"pl-PL","potentialAction":[{"@type":"ReadAction","target":["https:\/\/bosstal.lyk-website.pl\/?page_id=1453"]}]},{"@type":"BreadcrumbList","@id":"https:\/\/bosstal.lyk-website.pl\/?page_id=1453#breadcrumb","itemListElement":[{"@type":"ListItem","position":1,"name":"Strona g\u0142\u00f3wna","item":"https:\/\/bosstal.lyk-website.pl\/"},{"@type":"ListItem","position":2,"name":"Kontakt"}]},{"@type":"WebSite","@id":"https:\/\/bosstal.lyk-website.pl\/#website","url":"https:\/\/bosstal.lyk-website.pl\/","name":"BOSSTAL - Gara\u017ce blaszane, bramy gara\u017cowe","description":"Gara\u017ce blaszane, bramy gara\u017cowe","publisher":{"@id":"https:\/\/bosstal.lyk-website.pl\/#organization"},"potentialAction":[{"@type":"SearchAction","target":{"@type":"EntryPoint","urlTemplate":"https:\/\/bosstal.lyk-website.pl\/?s={search_term_string}"},"query-input":{"@type":"PropertyValueSpecification","valueRequired":true,"valueName":"search_term_string"}}],"inLanguage":"pl-PL"},{"@type":"Organization","@id":"https:\/\/bosstal.lyk-website.pl\/#organization","name":"Bosstal","url":"https:\/\/bosstal.lyk-website.pl\/","logo":{"@type":"ImageObject","inLanguage":"pl-PL","@id":"https:\/\/bosstal.lyk-website.pl\/#\/schema\/logo\/image\/","url":"https:\/\/bosstal.lyk-website.pl\/wp-content\/uploads\/2024\/02\/bosstal-logo-e1708509050674.png","contentUrl":"https:\/\/bosstal.lyk-website.pl\/wp-content\/uploads\/2024\/02\/bosstal-logo-e1708509050674.png","width":5000,"height":666,"caption":"Bosstal"},"image":{"@id":"https:\/\/bosstal.lyk-website.pl\/#\/schema\/logo\/image\/"},"sameAs":["https:\/\/www.facebook.com\/BOSSTALgaraze\/?paipv=0&eav=AfYZ2l3-EB2evP2qFACTbJ5QDveaaanUEmyUIkHdBQqARjwa8nlwir_XJ3aC0-qB-ec&_rdr"]}]}},"_links":{"self":[{"href":"https:\/\/bosstal.lyk-website.pl\/index.php?rest_route=\/wp\/v2\/pages\/1453","targetHints":{"allow":["GET"]}}],"collection":[{"href":"https:\/\/bosstal.lyk-website.pl\/index.php?rest_route=\/wp\/v2\/pages"}],"about":[{"href":"https:\/\/bosstal.lyk-website.pl\/index.php?rest_route=\/wp\/v2\/types\/page"}],"author":[{"embeddable":true,"href":"https:\/\/bosstal.lyk-website.pl\/index.php?rest_route=\/wp\/v2\/users\/1"}],"replies":[{"embeddable":true,"href":"https:\/\/bosstal.lyk-website.pl\/index.php?rest_route=%2Fwp%2Fv2%2Fcomments&post=1453"}],"version-history":[{"count":46,"href":"https:\/\/bosstal.lyk-website.pl\/index.php?rest_route=\/wp\/v2\/pages\/1453\/revisions"}],"predecessor-version":[{"id":32386,"href":"https:\/\/bosstal.lyk-website.pl\/index.php?rest_route=\/wp\/v2\/pages\/1453\/revisions\/32386"}],"wp:attachment":[{"href":"https:\/\/bosstal.lyk-website.pl\/index.php?rest_route=%2Fwp%2Fv2%2Fmedia&parent=1453"}],"curies":[{"name":"wp","href":"https:\/\/api.w.org\/{rel}","templated":true}]}}